{"id":89614,"date":"2023-03-16T19:31:06","date_gmt":"2023-03-16T19:31:06","guid":{"rendered":"https:\/\/gomotive.com\/content-library\/spec-sheet\/dual-facing-ai-dashcam\/"},"modified":"2026-04-27T19:25:21","modified_gmt":"2026-04-27T19:25:21","slug":"dual-facing-ia-dashcam","status":"publish","type":"page","link":"https:\/\/gomotive.com\/es-mx\/content-library\/spec-sheet\/dual-facing-ia-dashcam\/","title":{"rendered":"Spec sheet | Dual-Facing AI Dashcam"},"content":{"rendered":"\n<div class=\"wp-block-motive-embedded-pdf\">\n<section class=\"wp-block-motive-section pdf-wrapper\" style=\"--md-section-height:initial;--sm-section-height:initial;--xs-section-height:initial\"><div class=\"container\">\n<h6 class=\"wp-block-heading pdf-category\" id=\"h-spec-sheet\">Spec sheet<\/h6>\n\n\n\n<h1 class=\"wp-block-heading pdf-title\" id=\"h-dual-facing-ia-dashcam\">Dual-Facing IA Dashcam<\/h1>\n\n\n\n<p class=\"pdf-subtitle\">Vea m\u00e1s, act\u00fae m\u00e1s r\u00e1pido y prevenga m\u00e1s accidentes con la AI Dashcam Plus. Detecte m\u00e1s comportamientos inseguros con mayor precisi\u00f3n, capture evidencia cr\u00edtica con el Reconocimiento Autom\u00e1tico de Placas, habilite la comunicaci\u00f3n manos libres con llamadas bidireccionales en vivo y mucho m\u00e1s. Adem\u00e1s, con un Vehicle Gateway integrado, obtendr\u00e1 una confiabilidad superior en un solo dispositivo unificado.<\/p>\n\n\n\n<div class=\"wp-block-phoenix-blocks-buttons pdf-cta-wrapper is-layout-flex wp-block-phoenix-blocks-buttons-is-layout-flex\">\n<div class=\"wp-block-phoenix-blocks-button download-embedded-pdf-cta is-layout-flow wp-block-phoenix-blocks-button-is-layout-flow\"><style> \n          .wp-block-phoenix-blocks-buttons > .wp-block-phoenix-blocks-button > .btn.has-ffffff-hover-text-color.has-005-be-2-hover-background-color.has-hover-text-color.has-hover-background:hover {\n            background-color: #005be2 !important;\n            color: #ffffff !important;\n          }\n         <\/style><a class=\"btn has-phoenix-black-color has-text-color has-ffffff-hover-text-color has-005-be-2-hover-background-color has-hover-text-color has-hover-background btn-primary\" href=\"https:\/\/gomotive.com\/wp-content\/uploads\/2026\/04\/MX_Spec-Sheet_Dual-Facing-AI-Dashcam.pdf\" target=\"_blank\" rel=\"noreferrer noopener\">Download<\/a><\/div>\n\n\n\n<div class=\"wp-block-phoenix-blocks-button is-layout-flow wp-block-phoenix-blocks-button-is-layout-flow\"><style> \n          .wp-block-phoenix-blocks-buttons > .wp-block-phoenix-blocks-button > .btn.has-ffffff-hover-text-color.has-005-be-2-hover-background-color.has-hover-text-color.has-hover-background:hover {\n            background-color: #005be2 !important;\n            color: #ffffff !important;\n          }\n         <\/style><a class=\"btn has-phoenix-black-color has-text-color has-ffffff-hover-text-color has-005-be-2-hover-background-color has-hover-text-color has-hover-background btn-outline-primary\" href=\"https:\/\/gomotive.com\/es-mx\/productos\/dashcam\/\" style=\"border-color:#000000\">Learn more<\/a><\/div>\n<\/div>\n\n\n\n<div data-wp-interactive=\"core\/file\" class=\"wp-block-file pdf-file\"><object data-wp-bind--hidden=\"!state.hasPdfPreview\" hidden class=\"wp-block-file__embed\" data=\"https:\/\/gomotive.com\/wp-content\/uploads\/2026\/04\/MX_Spec-Sheet_Dual-Facing-AI-Dashcam-1.pdf\" type=\"application\/pdf\" style=\"width:100%;height:600px\" aria-label=\"PDF embed\"><\/object><\/div>\n\n\n\n<div class=\"wp-block-phoenix-blocks-image-block pdf-mobile-image\">\n<figure class=\"wp-block-image size-full\"><img loading=\"lazy\" decoding=\"async\" width=\"612\" height=\"792\" src=\"https:\/\/gomotive.com\/wp-content\/uploads\/2025\/02\/dual-facing-ai-dashcam-1x.webp\" alt=\"\" class=\"wp-image-55655\" style=\"object-fit:cover\" srcset=\"https:\/\/gomotive.com\/wp-content\/uploads\/2025\/02\/dual-facing-ai-dashcam-1x.webp 612w, https:\/\/gomotive.com\/wp-content\/uploads\/2025\/02\/dual-facing-ai-dashcam-1x.webp?resize=232,300 232w\" sizes=\"auto, (max-width: 612px) 100vw, 612px\" \/><\/figure>\n<\/div>\n\n\n\n<div class=\"wp-block-liteberg-spacing-block lg-spacing\" style=\"min-height:initial;--md-section-height:initial;--sm-section-height:initial;--xs-section-height:initial\"><\/div>\n<\/div><\/section>\n<\/div>\n","protected":false},"excerpt":{"rendered":"","protected":false},"author":14,"featured_media":0,"parent":84442,"menu_order":0,"comment_status":"closed","ping_status":"closed","template":"embedded-pdf","meta":{"_acf_changed":false,"footnotes":""},"class_list":["post-89614","page","type-page","status-publish","hentry"],"acf":[],"yoast_head":"<!-- This site is optimized with the Yoast SEO Premium plugin v27.4 (Yoast SEO v27.4) - https:\/\/yoast.com\/product\/yoast-seo-premium-wordpress\/ -->\n<title>Spec Sheet: Dual Facing AI Dashcam | Motive<\/title>\n<meta name=\"description\" content=\"Reduce unsafe driving with accurate AI both inside &amp; outside vehicles. Motive&#039;s dual-facing AI dashcam is the fastest, most accurate dash cam among leading providers.\" \/>\n<meta name=\"robots\" content=\"index, follow, max-snippet:-1, max-image-preview:large, max-video-preview:-1\" \/>\n<link rel=\"canonical\" href=\"https:\/\/gomotive.com\/es-mx\/wp-json\/wp\/v2\/pages\/89614\/\" \/>\n<meta property=\"og:locale\" content=\"es_MX\" \/>\n<meta property=\"og:type\" content=\"article\" \/>\n<meta property=\"og:title\" content=\"Spec sheet | Dual-Facing AI Dashcam\" \/>\n<meta property=\"og:description\" content=\"Reduce unsafe driving with accurate AI both inside &amp; outside vehicles. Motive&#039;s dual-facing AI dashcam is the fastest, most accurate dash cam among leading providers.\" \/>\n<meta property=\"og:url\" content=\"https:\/\/gomotive.com\/es-mx\/content-library\/spec-sheet\/dual-facing-ia-dashcam\/\" \/>\n<meta property=\"og:site_name\" content=\"Motive\" \/>\n<meta property=\"article:publisher\" content=\"https:\/\/www.facebook.com\/GoMotive.Inc\" \/>\n<meta property=\"article:modified_time\" content=\"2026-04-27T19:25:21+00:00\" \/>\n<meta property=\"og:image\" content=\"https:\/\/gomotive.com\/wp-content\/uploads\/2025\/02\/dual-facing-ai-dashcam-1x.webp\" \/>\n\t<meta property=\"og:image:width\" content=\"612\" \/>\n\t<meta property=\"og:image:height\" content=\"792\" \/>\n\t<meta property=\"og:image:type\" content=\"image\/webp\" \/>\n<meta name=\"twitter:card\" content=\"summary_large_image\" \/>\n<meta name=\"twitter:site\" content=\"@Motive_inc\" \/>\n<meta name=\"twitter:label1\" content=\"Est. reading time\" \/>\n\t<meta name=\"twitter:data1\" content=\"1 minute\" \/>\n<script type=\"application\/ld+json\" class=\"yoast-schema-graph\">{\"@context\":\"https:\\\/\\\/schema.org\",\"@graph\":[{\"@type\":\"WebPage\",\"@id\":\"https:\\\/\\\/gomotive.com\\\/es-mx\\\/content-library\\\/spec-sheet\\\/dual-facing-ia-dashcam\\\/\",\"url\":\"https:\\\/\\\/gomotive.com\\\/es-mx\\\/content-library\\\/spec-sheet\\\/dual-facing-ia-dashcam\\\/\",\"name\":\"Spec Sheet: Dual Facing AI Dashcam | Motive\",\"isPartOf\":{\"@id\":\"https:\\\/\\\/gomotive.com\\\/es-mx\\\/#website\"},\"primaryImageOfPage\":{\"@id\":\"https:\\\/\\\/gomotive.com\\\/es-mx\\\/content-library\\\/spec-sheet\\\/dual-facing-ia-dashcam\\\/#primaryimage\"},\"image\":{\"@id\":\"https:\\\/\\\/gomotive.com\\\/es-mx\\\/content-library\\\/spec-sheet\\\/dual-facing-ia-dashcam\\\/#primaryimage\"},\"thumbnailUrl\":\"https:\\\/\\\/gomotive.com\\\/wp-content\\\/uploads\\\/2025\\\/02\\\/dual-facing-ai-dashcam-1x.webp\",\"datePublished\":\"2023-03-16T19:31:06+00:00\",\"dateModified\":\"2026-04-27T19:25:21+00:00\",\"description\":\"Reduce unsafe driving with accurate AI both inside & outside vehicles. Motive's dual-facing AI dashcam is the fastest, most accurate dash cam among leading providers.\",\"breadcrumb\":{\"@id\":\"https:\\\/\\\/gomotive.com\\\/es-mx\\\/content-library\\\/spec-sheet\\\/dual-facing-ia-dashcam\\\/#breadcrumb\"},\"inLanguage\":\"es-mx\",\"potentialAction\":[{\"@type\":\"ReadAction\",\"target\":[\"https:\\\/\\\/gomotive.com\\\/es-mx\\\/content-library\\\/spec-sheet\\\/dual-facing-ia-dashcam\\\/\"]}]},{\"@type\":\"ImageObject\",\"inLanguage\":\"es-mx\",\"@id\":\"https:\\\/\\\/gomotive.com\\\/es-mx\\\/content-library\\\/spec-sheet\\\/dual-facing-ia-dashcam\\\/#primaryimage\",\"url\":\"https:\\\/\\\/gomotive.com\\\/wp-content\\\/uploads\\\/2025\\\/02\\\/dual-facing-ai-dashcam-1x.webp\",\"contentUrl\":\"https:\\\/\\\/gomotive.com\\\/wp-content\\\/uploads\\\/2025\\\/02\\\/dual-facing-ai-dashcam-1x.webp\"},{\"@type\":\"BreadcrumbList\",\"@id\":\"https:\\\/\\\/gomotive.com\\\/es-mx\\\/content-library\\\/spec-sheet\\\/dual-facing-ia-dashcam\\\/#breadcrumb\",\"itemListElement\":[{\"@type\":\"ListItem\",\"position\":1,\"name\":\"Content Library\",\"item\":\"https:\\\/\\\/gomotive.com\\\/es-mx\\\/content-library\\\/\"},{\"@type\":\"ListItem\",\"position\":2,\"name\":\"Content Library &#8211; Spec sheet\",\"item\":\"https:\\\/\\\/gomotive.com\\\/es-mx\\\/content-library\\\/spec-sheet\\\/\"},{\"@type\":\"ListItem\",\"position\":3,\"name\":\"Spec sheet | Dual-Facing AI Dashcam\"}]},{\"@type\":\"WebSite\",\"@id\":\"https:\\\/\\\/gomotive.com\\\/es-mx\\\/#website\",\"url\":\"https:\\\/\\\/gomotive.com\\\/es-mx\\\/\",\"name\":\"Motive\",\"description\":\"Automated Operations Platform for the Physical Economy\",\"publisher\":{\"@id\":\"https:\\\/\\\/gomotive.com\\\/es-mx\\\/#organization\"},\"potentialAction\":[{\"@type\":\"SearchAction\",\"target\":{\"@type\":\"EntryPoint\",\"urlTemplate\":\"https:\\\/\\\/gomotive.com\\\/es-mx\\\/?s={search_term_string}\"},\"query-input\":{\"@type\":\"PropertyValueSpecification\",\"valueRequired\":true,\"valueName\":\"search_term_string\"}}],\"inLanguage\":\"es-mx\"},{\"@type\":\"Organization\",\"@id\":\"https:\\\/\\\/gomotive.com\\\/es-mx\\\/#organization\",\"name\":\"Motive\",\"url\":\"https:\\\/\\\/gomotive.com\\\/es-mx\\\/\",\"logo\":{\"@type\":\"ImageObject\",\"inLanguage\":\"es-mx\",\"@id\":\"https:\\\/\\\/gomotive.com\\\/es-mx\\\/#\\\/schema\\\/logo\\\/image\\\/\",\"url\":\"https:\\\/\\\/gomotive.com\\\/wp-content\\\/uploads\\\/2022\\\/04\\\/Social-Share-Image.png\",\"contentUrl\":\"https:\\\/\\\/gomotive.com\\\/wp-content\\\/uploads\\\/2022\\\/04\\\/Social-Share-Image.png\",\"width\":2400,\"height\":1254,\"caption\":\"Motive\"},\"image\":{\"@id\":\"https:\\\/\\\/gomotive.com\\\/es-mx\\\/#\\\/schema\\\/logo\\\/image\\\/\"},\"sameAs\":[\"https:\\\/\\\/www.facebook.com\\\/GoMotive.Inc\",\"https:\\\/\\\/x.com\\\/Motive_inc\",\"https:\\\/\\\/www.linkedin.com\\\/company\\\/motive-inc\\\/\"]}]}<\/script>\n<!-- \/ Yoast SEO Premium plugin. -->","yoast_head_json":{"title":"Spec Sheet: Dual Facing AI Dashcam | Motive","description":"Reduce unsafe driving with accurate AI both inside & outside vehicles. Motive's dual-facing AI dashcam is the fastest, most accurate dash cam among leading providers.","robots":{"index":"index","follow":"follow","max-snippet":"max-snippet:-1","max-image-preview":"max-image-preview:large","max-video-preview":"max-video-preview:-1"},"canonical":"https:\/\/gomotive.com\/es-mx\/wp-json\/wp\/v2\/pages\/89614\/","og_locale":"es_MX","og_type":"article","og_title":"Spec sheet | Dual-Facing AI Dashcam","og_description":"Reduce unsafe driving with accurate AI both inside & outside vehicles. Motive's dual-facing AI dashcam is the fastest, most accurate dash cam among leading providers.","og_url":"https:\/\/gomotive.com\/es-mx\/content-library\/spec-sheet\/dual-facing-ia-dashcam\/","og_site_name":"Motive","article_publisher":"https:\/\/www.facebook.com\/GoMotive.Inc","article_modified_time":"2026-04-27T19:25:21+00:00","og_image":[{"width":612,"height":792,"url":"https:\/\/gomotive.com\/wp-content\/uploads\/2025\/02\/dual-facing-ai-dashcam-1x.webp","type":"image\/webp"}],"twitter_card":"summary_large_image","twitter_site":"@Motive_inc","twitter_misc":{"Est. reading time":"1 minute"},"schema":{"@context":"https:\/\/schema.org","@graph":[{"@type":"WebPage","@id":"https:\/\/gomotive.com\/es-mx\/content-library\/spec-sheet\/dual-facing-ia-dashcam\/","url":"https:\/\/gomotive.com\/es-mx\/content-library\/spec-sheet\/dual-facing-ia-dashcam\/","name":"Spec Sheet: Dual Facing AI Dashcam | Motive","isPartOf":{"@id":"https:\/\/gomotive.com\/es-mx\/#website"},"primaryImageOfPage":{"@id":"https:\/\/gomotive.com\/es-mx\/content-library\/spec-sheet\/dual-facing-ia-dashcam\/#primaryimage"},"image":{"@id":"https:\/\/gomotive.com\/es-mx\/content-library\/spec-sheet\/dual-facing-ia-dashcam\/#primaryimage"},"thumbnailUrl":"https:\/\/gomotive.com\/wp-content\/uploads\/2025\/02\/dual-facing-ai-dashcam-1x.webp","datePublished":"2023-03-16T19:31:06+00:00","dateModified":"2026-04-27T19:25:21+00:00","description":"Reduce unsafe driving with accurate AI both inside & outside vehicles. Motive's dual-facing AI dashcam is the fastest, most accurate dash cam among leading providers.","breadcrumb":{"@id":"https:\/\/gomotive.com\/es-mx\/content-library\/spec-sheet\/dual-facing-ia-dashcam\/#breadcrumb"},"inLanguage":"es-mx","potentialAction":[{"@type":"ReadAction","target":["https:\/\/gomotive.com\/es-mx\/content-library\/spec-sheet\/dual-facing-ia-dashcam\/"]}]},{"@type":"ImageObject","inLanguage":"es-mx","@id":"https:\/\/gomotive.com\/es-mx\/content-library\/spec-sheet\/dual-facing-ia-dashcam\/#primaryimage","url":"https:\/\/gomotive.com\/wp-content\/uploads\/2025\/02\/dual-facing-ai-dashcam-1x.webp","contentUrl":"https:\/\/gomotive.com\/wp-content\/uploads\/2025\/02\/dual-facing-ai-dashcam-1x.webp"},{"@type":"BreadcrumbList","@id":"https:\/\/gomotive.com\/es-mx\/content-library\/spec-sheet\/dual-facing-ia-dashcam\/#breadcrumb","itemListElement":[{"@type":"ListItem","position":1,"name":"Content Library","item":"https:\/\/gomotive.com\/es-mx\/content-library\/"},{"@type":"ListItem","position":2,"name":"Content Library &#8211; Spec sheet","item":"https:\/\/gomotive.com\/es-mx\/content-library\/spec-sheet\/"},{"@type":"ListItem","position":3,"name":"Spec sheet | Dual-Facing AI Dashcam"}]},{"@type":"WebSite","@id":"https:\/\/gomotive.com\/es-mx\/#website","url":"https:\/\/gomotive.com\/es-mx\/","name":"Motive","description":"Automated Operations Platform for the Physical Economy","publisher":{"@id":"https:\/\/gomotive.com\/es-mx\/#organization"},"potentialAction":[{"@type":"SearchAction","target":{"@type":"EntryPoint","urlTemplate":"https:\/\/gomotive.com\/es-mx\/?s={search_term_string}"},"query-input":{"@type":"PropertyValueSpecification","valueRequired":true,"valueName":"search_term_string"}}],"inLanguage":"es-mx"},{"@type":"Organization","@id":"https:\/\/gomotive.com\/es-mx\/#organization","name":"Motive","url":"https:\/\/gomotive.com\/es-mx\/","logo":{"@type":"ImageObject","inLanguage":"es-mx","@id":"https:\/\/gomotive.com\/es-mx\/#\/schema\/logo\/image\/","url":"https:\/\/gomotive.com\/wp-content\/uploads\/2022\/04\/Social-Share-Image.png","contentUrl":"https:\/\/gomotive.com\/wp-content\/uploads\/2022\/04\/Social-Share-Image.png","width":2400,"height":1254,"caption":"Motive"},"image":{"@id":"https:\/\/gomotive.com\/es-mx\/#\/schema\/logo\/image\/"},"sameAs":["https:\/\/www.facebook.com\/GoMotive.Inc","https:\/\/x.com\/Motive_inc","https:\/\/www.linkedin.com\/company\/motive-inc\/"]}]}},"parsely":{"version":"1.1.0","canonical_url":"https:\/\/gomotive.com\/es-mx\/content-library\/spec-sheet\/dual-facing-ia-dashcam\/","smart_links":{"inbound":0,"outbound":0},"traffic_boost_suggestions_count":0,"meta":{"@context":"https:\/\/schema.org","@type":"WebPage","headline":"Spec sheet | Dual-Facing AI Dashcam","url":"http:\/\/gomotive.com\/es-mx\/content-library\/spec-sheet\/dual-facing-ia-dashcam\/","mainEntityOfPage":{"@type":"WebPage","@id":"http:\/\/gomotive.com\/es-mx\/content-library\/spec-sheet\/dual-facing-ia-dashcam\/"},"thumbnailUrl":"","image":{"@type":"ImageObject","url":""},"articleSection":"Uncategorized @es-mx","author":[{"@type":"Person","name":"Shakiba Iqbal"}],"creator":["Shakiba Iqbal"],"publisher":{"@type":"Organization","name":"Motive","logo":""},"keywords":[],"dateCreated":"2023-03-16T19:31:06Z","datePublished":"2023-03-16T19:31:06Z","dateModified":"2026-04-27T19:25:21Z"},"rendered":"<meta name=\"parsely-title\" content=\"Spec sheet | Dual-Facing AI Dashcam\" \/>\n<meta name=\"parsely-link\" content=\"http:\/\/gomotive.com\/es-mx\/content-library\/spec-sheet\/dual-facing-ia-dashcam\/\" \/>\n<meta name=\"parsely-type\" content=\"index\" \/>\n<meta name=\"parsely-pub-date\" content=\"2023-03-16T19:31:06Z\" \/>\n<meta name=\"parsely-section\" content=\"Uncategorized @es-mx\" \/>\n<meta name=\"parsely-author\" content=\"Shakiba Iqbal\" \/>","tracker_url":"https:\/\/cdn.parsely.com\/keys\/gomotive.com\/p.js"},"_links":{"self":[{"href":"https:\/\/gomotive.com\/es-mx\/wp-json\/wp\/v2\/pages\/89614","targetHints":{"allow":["GET"]}}],"collection":[{"href":"https:\/\/gomotive.com\/es-mx\/wp-json\/wp\/v2\/pages"}],"about":[{"href":"https:\/\/gomotive.com\/es-mx\/wp-json\/wp\/v2\/types\/page"}],"author":[{"embeddable":true,"href":"https:\/\/gomotive.com\/es-mx\/wp-json\/wp\/v2\/users\/14"}],"replies":[{"embeddable":true,"href":"https:\/\/gomotive.com\/es-mx\/wp-json\/wp\/v2\/comments?post=89614"}],"version-history":[{"count":3,"href":"https:\/\/gomotive.com\/es-mx\/wp-json\/wp\/v2\/pages\/89614\/revisions"}],"predecessor-version":[{"id":89703,"href":"https:\/\/gomotive.com\/es-mx\/wp-json\/wp\/v2\/pages\/89614\/revisions\/89703"}],"up":[{"embeddable":true,"href":"https:\/\/gomotive.com\/es-mx\/wp-json\/wp\/v2\/pages\/84442"}],"wp:attachment":[{"href":"https:\/\/gomotive.com\/es-mx\/wp-json\/wp\/v2\/media?parent=89614"}],"curies":[{"name":"wp","href":"https:\/\/api.w.org\/{rel}","templated":true}]}}