{"id":89585,"date":"2023-03-16T22:12:57","date_gmt":"2023-03-16T22:12:57","guid":{"rendered":"https:\/\/gomotive.com\/content-library\/product-brief\/driver-safety\/"},"modified":"2026-04-23T16:47:05","modified_gmt":"2026-04-23T16:47:05","slug":"seguridad-vial","status":"publish","type":"page","link":"https:\/\/gomotive.com\/es-mx\/content-library\/product-brief\/seguridad-vial\/","title":{"rendered":"Product brief | Driver Safety"},"content":{"rendered":"\n<div class=\"wp-block-motive-embedded-pdf\">\n<section class=\"wp-block-motive-section pdf-wrapper\" style=\"--md-section-height:initial;--sm-section-height:initial;--xs-section-height:initial\"><div class=\"container\">\n<h6 class=\"wp-block-heading pdf-category\" id=\"h-product-brief\">Product brief<\/h6>\n\n\n\n<h1 class=\"wp-block-heading pdf-title\" id=\"h-seguridad-vial\"><strong>Seguridad Vial<\/strong><\/h1>\n\n\n\n<p class=\"pdf-subtitle\">Motive utiliza IA precisa para monitorear y proteger a los conductores, y brinda a los gerentes de seguridad las herramientas necesarias para prevenir accidentes y reducir riesgos.<br><br>La IA Dashcam y la Ia Omnicam proporcionan una cobertura de video de 360 grados en tiempo real, con una IA que detecta la conducci\u00f3n insegura. Motive reconoce autom\u00e1ticamente la conducci\u00f3n positiva y el equipo de seguridad de Motive garantiza que los conductores nunca sean penalizados por falsos positivos. Automatice la capacitaci\u00f3n con IA Coach y reciba alertas a los pocos segundos de una colisi\u00f3n.<\/p>\n\n\n\n<div class=\"wp-block-phoenix-blocks-buttons pdf-cta-wrapper is-layout-flex wp-block-phoenix-blocks-buttons-is-layout-flex\">\n<div class=\"wp-block-phoenix-blocks-button download-embedded-pdf-cta is-layout-flow wp-block-phoenix-blocks-button-is-layout-flow\"><style> \n          .wp-block-phoenix-blocks-buttons > .wp-block-phoenix-blocks-button > .btn.has-ffffff-hover-text-color.has-005-be-2-hover-background-color.has-hover-text-color.has-hover-background:hover {\n            background-color: #005be2 !important;\n            color: #ffffff !important;\n          }\n         <\/style><a class=\"btn has-phoenix-black-color has-text-color has-ffffff-hover-text-color has-005-be-2-hover-background-color has-hover-text-color has-hover-background btn-primary\" href=\"https:\/\/gomotive.com\/wp-content\/uploads\/2026\/04\/MX_Product-Brief_Driver-Safety.pdf\">Download<\/a><\/div>\n\n\n\n<div class=\"wp-block-phoenix-blocks-button is-layout-flow wp-block-phoenix-blocks-button-is-layout-flow\"><style> \n          .wp-block-phoenix-blocks-buttons > .wp-block-phoenix-blocks-button > .btn.has-ffffff-hover-text-color.has-005-be-2-hover-background-color.has-hover-text-color.has-hover-background:hover {\n            background-color: #005be2 !important;\n            color: #ffffff !important;\n          }\n         <\/style><a class=\"btn has-phoenix-black-color has-text-color has-ffffff-hover-text-color has-005-be-2-hover-background-color has-hover-text-color has-hover-background btn-outline-primary\" href=\"https:\/\/gomotive.com\/es-mx\/productos\/seguridad-vial\/\" style=\"border-color:#000000\">Learn more<\/a><\/div>\n<\/div>\n\n\n\n<div data-wp-interactive=\"core\/file\" class=\"wp-block-file pdf-file\"><object data-wp-bind--hidden=\"!state.hasPdfPreview\" hidden class=\"wp-block-file__embed\" data=\"https:\/\/gomotive.com\/wp-content\/uploads\/2026\/04\/MX_Product-Brief_Driver-Safety-1.pdf\" type=\"application\/pdf\" style=\"width:100%;height:900px\" aria-label=\"PDF embed\"><\/object><\/div>\n\n\n\n<div class=\"wp-block-phoenix-blocks-image-block pdf-mobile-image\">\n<figure class=\"wp-block-image size-full\"><img loading=\"lazy\" decoding=\"async\" width=\"546\" height=\"697\" src=\"https:\/\/gomotive.com\/wp-content\/uploads\/2023\/03\/driver_safety_product_brief-1@2x.png\" alt=\"\" class=\"wp-image-28087\" srcset=\"https:\/\/gomotive.com\/wp-content\/uploads\/2023\/03\/driver_safety_product_brief-1@2x.png 546w, https:\/\/gomotive.com\/wp-content\/uploads\/2023\/03\/driver_safety_product_brief-1@2x.png?resize=235,300 235w\" sizes=\"auto, (max-width: 546px) 100vw, 546px\" \/><\/figure>\n<\/div>\n\n\n\n<div class=\"wp-block-phoenix-blocks-spacer sub-section-spacing\" style=\"min-height:initial;--tablet-section-height:initial;--mobile-section-height:initial\"><\/div>\n<\/div><\/section>\n<\/div>\n","protected":false},"excerpt":{"rendered":"","protected":false},"author":14,"featured_media":0,"parent":84444,"menu_order":0,"comment_status":"closed","ping_status":"closed","template":"embedded-pdf","meta":{"_acf_changed":false,"footnotes":""},"class_list":["post-89585","page","type-page","status-publish","hentry"],"acf":[],"yoast_head":"<!-- This site is optimized with the Yoast SEO Premium plugin v27.4 (Yoast SEO v27.4) - https:\/\/yoast.com\/product\/yoast-seo-premium-wordpress\/ -->\n<title>Product brief | Driver Safety | Motive<\/title>\n<meta name=\"robots\" content=\"index, follow, max-snippet:-1, max-image-preview:large, max-video-preview:-1\" \/>\n<link rel=\"canonical\" href=\"https:\/\/gomotive.com\/es-mx\/wp-json\/wp\/v2\/pages\/89585\/\" \/>\n<meta property=\"og:locale\" content=\"es_MX\" \/>\n<meta property=\"og:type\" content=\"article\" \/>\n<meta property=\"og:title\" content=\"Product brief | Driver Safety\" \/>\n<meta property=\"og:url\" content=\"https:\/\/gomotive.com\/es-mx\/content-library\/product-brief\/seguridad-vial\/\" \/>\n<meta property=\"og:site_name\" content=\"Motive\" \/>\n<meta property=\"article:publisher\" content=\"https:\/\/www.facebook.com\/GoMotive.Inc\" \/>\n<meta property=\"article:modified_time\" content=\"2026-04-23T16:47:05+00:00\" \/>\n<meta property=\"og:image\" content=\"https:\/\/gomotive.com\/wp-content\/uploads\/2023\/03\/driver_safety_product_brief-1@2x.png\" \/>\n\t<meta property=\"og:image:width\" content=\"546\" \/>\n\t<meta property=\"og:image:height\" content=\"697\" \/>\n\t<meta property=\"og:image:type\" content=\"image\/png\" \/>\n<meta name=\"twitter:card\" content=\"summary_large_image\" \/>\n<meta name=\"twitter:site\" content=\"@Motive_inc\" \/>\n<meta name=\"twitter:label1\" content=\"Est. reading time\" \/>\n\t<meta name=\"twitter:data1\" content=\"1 minute\" \/>\n<script type=\"application\/ld+json\" class=\"yoast-schema-graph\">{\"@context\":\"https:\\\/\\\/schema.org\",\"@graph\":[{\"@type\":\"WebPage\",\"@id\":\"https:\\\/\\\/gomotive.com\\\/es-mx\\\/content-library\\\/product-brief\\\/seguridad-vial\\\/\",\"url\":\"https:\\\/\\\/gomotive.com\\\/es-mx\\\/content-library\\\/product-brief\\\/seguridad-vial\\\/\",\"name\":\"Product brief | Driver Safety | Motive\",\"isPartOf\":{\"@id\":\"https:\\\/\\\/gomotive.com\\\/es-mx\\\/#website\"},\"primaryImageOfPage\":{\"@id\":\"https:\\\/\\\/gomotive.com\\\/es-mx\\\/content-library\\\/product-brief\\\/seguridad-vial\\\/#primaryimage\"},\"image\":{\"@id\":\"https:\\\/\\\/gomotive.com\\\/es-mx\\\/content-library\\\/product-brief\\\/seguridad-vial\\\/#primaryimage\"},\"thumbnailUrl\":\"https:\\\/\\\/gomotive.com\\\/wp-content\\\/uploads\\\/2023\\\/03\\\/driver_safety_product_brief-1@2x.png\",\"datePublished\":\"2023-03-16T22:12:57+00:00\",\"dateModified\":\"2026-04-23T16:47:05+00:00\",\"breadcrumb\":{\"@id\":\"https:\\\/\\\/gomotive.com\\\/es-mx\\\/content-library\\\/product-brief\\\/seguridad-vial\\\/#breadcrumb\"},\"inLanguage\":\"es-mx\",\"potentialAction\":[{\"@type\":\"ReadAction\",\"target\":[\"https:\\\/\\\/gomotive.com\\\/es-mx\\\/content-library\\\/product-brief\\\/seguridad-vial\\\/\"]}]},{\"@type\":\"ImageObject\",\"inLanguage\":\"es-mx\",\"@id\":\"https:\\\/\\\/gomotive.com\\\/es-mx\\\/content-library\\\/product-brief\\\/seguridad-vial\\\/#primaryimage\",\"url\":\"https:\\\/\\\/gomotive.com\\\/wp-content\\\/uploads\\\/2023\\\/03\\\/driver_safety_product_brief-1@2x.png\",\"contentUrl\":\"https:\\\/\\\/gomotive.com\\\/wp-content\\\/uploads\\\/2023\\\/03\\\/driver_safety_product_brief-1@2x.png\"},{\"@type\":\"BreadcrumbList\",\"@id\":\"https:\\\/\\\/gomotive.com\\\/es-mx\\\/content-library\\\/product-brief\\\/seguridad-vial\\\/#breadcrumb\",\"itemListElement\":[{\"@type\":\"ListItem\",\"position\":1,\"name\":\"Content Library\",\"item\":\"https:\\\/\\\/gomotive.com\\\/es-mx\\\/content-library\\\/\"},{\"@type\":\"ListItem\",\"position\":2,\"name\":\"Content Library &#8211; Product brief\",\"item\":\"https:\\\/\\\/gomotive.com\\\/es-mx\\\/content-library\\\/product-brief\\\/\"},{\"@type\":\"ListItem\",\"position\":3,\"name\":\"Product brief | Driver Safety\"}]},{\"@type\":\"WebSite\",\"@id\":\"https:\\\/\\\/gomotive.com\\\/es-mx\\\/#website\",\"url\":\"https:\\\/\\\/gomotive.com\\\/es-mx\\\/\",\"name\":\"Motive\",\"description\":\"Automated Operations Platform for the Physical Economy\",\"publisher\":{\"@id\":\"https:\\\/\\\/gomotive.com\\\/es-mx\\\/#organization\"},\"potentialAction\":[{\"@type\":\"SearchAction\",\"target\":{\"@type\":\"EntryPoint\",\"urlTemplate\":\"https:\\\/\\\/gomotive.com\\\/es-mx\\\/?s={search_term_string}\"},\"query-input\":{\"@type\":\"PropertyValueSpecification\",\"valueRequired\":true,\"valueName\":\"search_term_string\"}}],\"inLanguage\":\"es-mx\"},{\"@type\":\"Organization\",\"@id\":\"https:\\\/\\\/gomotive.com\\\/es-mx\\\/#organization\",\"name\":\"Motive\",\"url\":\"https:\\\/\\\/gomotive.com\\\/es-mx\\\/\",\"logo\":{\"@type\":\"ImageObject\",\"inLanguage\":\"es-mx\",\"@id\":\"https:\\\/\\\/gomotive.com\\\/es-mx\\\/#\\\/schema\\\/logo\\\/image\\\/\",\"url\":\"https:\\\/\\\/gomotive.com\\\/wp-content\\\/uploads\\\/2022\\\/04\\\/Social-Share-Image.png\",\"contentUrl\":\"https:\\\/\\\/gomotive.com\\\/wp-content\\\/uploads\\\/2022\\\/04\\\/Social-Share-Image.png\",\"width\":2400,\"height\":1254,\"caption\":\"Motive\"},\"image\":{\"@id\":\"https:\\\/\\\/gomotive.com\\\/es-mx\\\/#\\\/schema\\\/logo\\\/image\\\/\"},\"sameAs\":[\"https:\\\/\\\/www.facebook.com\\\/GoMotive.Inc\",\"https:\\\/\\\/x.com\\\/Motive_inc\",\"https:\\\/\\\/www.linkedin.com\\\/company\\\/motive-inc\\\/\"]}]}<\/script>\n<!-- \/ Yoast SEO Premium plugin. -->","yoast_head_json":{"title":"Product brief | Driver Safety | Motive","robots":{"index":"index","follow":"follow","max-snippet":"max-snippet:-1","max-image-preview":"max-image-preview:large","max-video-preview":"max-video-preview:-1"},"canonical":"https:\/\/gomotive.com\/es-mx\/wp-json\/wp\/v2\/pages\/89585\/","og_locale":"es_MX","og_type":"article","og_title":"Product brief | Driver Safety","og_url":"https:\/\/gomotive.com\/es-mx\/content-library\/product-brief\/seguridad-vial\/","og_site_name":"Motive","article_publisher":"https:\/\/www.facebook.com\/GoMotive.Inc","article_modified_time":"2026-04-23T16:47:05+00:00","og_image":[{"width":546,"height":697,"url":"https:\/\/gomotive.com\/wp-content\/uploads\/2023\/03\/driver_safety_product_brief-1@2x.png","type":"image\/png"}],"twitter_card":"summary_large_image","twitter_site":"@Motive_inc","twitter_misc":{"Est. reading time":"1 minute"},"schema":{"@context":"https:\/\/schema.org","@graph":[{"@type":"WebPage","@id":"https:\/\/gomotive.com\/es-mx\/content-library\/product-brief\/seguridad-vial\/","url":"https:\/\/gomotive.com\/es-mx\/content-library\/product-brief\/seguridad-vial\/","name":"Product brief | Driver Safety | Motive","isPartOf":{"@id":"https:\/\/gomotive.com\/es-mx\/#website"},"primaryImageOfPage":{"@id":"https:\/\/gomotive.com\/es-mx\/content-library\/product-brief\/seguridad-vial\/#primaryimage"},"image":{"@id":"https:\/\/gomotive.com\/es-mx\/content-library\/product-brief\/seguridad-vial\/#primaryimage"},"thumbnailUrl":"https:\/\/gomotive.com\/wp-content\/uploads\/2023\/03\/driver_safety_product_brief-1@2x.png","datePublished":"2023-03-16T22:12:57+00:00","dateModified":"2026-04-23T16:47:05+00:00","breadcrumb":{"@id":"https:\/\/gomotive.com\/es-mx\/content-library\/product-brief\/seguridad-vial\/#breadcrumb"},"inLanguage":"es-mx","potentialAction":[{"@type":"ReadAction","target":["https:\/\/gomotive.com\/es-mx\/content-library\/product-brief\/seguridad-vial\/"]}]},{"@type":"ImageObject","inLanguage":"es-mx","@id":"https:\/\/gomotive.com\/es-mx\/content-library\/product-brief\/seguridad-vial\/#primaryimage","url":"https:\/\/gomotive.com\/wp-content\/uploads\/2023\/03\/driver_safety_product_brief-1@2x.png","contentUrl":"https:\/\/gomotive.com\/wp-content\/uploads\/2023\/03\/driver_safety_product_brief-1@2x.png"},{"@type":"BreadcrumbList","@id":"https:\/\/gomotive.com\/es-mx\/content-library\/product-brief\/seguridad-vial\/#breadcrumb","itemListElement":[{"@type":"ListItem","position":1,"name":"Content Library","item":"https:\/\/gomotive.com\/es-mx\/content-library\/"},{"@type":"ListItem","position":2,"name":"Content Library &#8211; Product brief","item":"https:\/\/gomotive.com\/es-mx\/content-library\/product-brief\/"},{"@type":"ListItem","position":3,"name":"Product brief | Driver Safety"}]},{"@type":"WebSite","@id":"https:\/\/gomotive.com\/es-mx\/#website","url":"https:\/\/gomotive.com\/es-mx\/","name":"Motive","description":"Automated Operations Platform for the Physical Economy","publisher":{"@id":"https:\/\/gomotive.com\/es-mx\/#organization"},"potentialAction":[{"@type":"SearchAction","target":{"@type":"EntryPoint","urlTemplate":"https:\/\/gomotive.com\/es-mx\/?s={search_term_string}"},"query-input":{"@type":"PropertyValueSpecification","valueRequired":true,"valueName":"search_term_string"}}],"inLanguage":"es-mx"},{"@type":"Organization","@id":"https:\/\/gomotive.com\/es-mx\/#organization","name":"Motive","url":"https:\/\/gomotive.com\/es-mx\/","logo":{"@type":"ImageObject","inLanguage":"es-mx","@id":"https:\/\/gomotive.com\/es-mx\/#\/schema\/logo\/image\/","url":"https:\/\/gomotive.com\/wp-content\/uploads\/2022\/04\/Social-Share-Image.png","contentUrl":"https:\/\/gomotive.com\/wp-content\/uploads\/2022\/04\/Social-Share-Image.png","width":2400,"height":1254,"caption":"Motive"},"image":{"@id":"https:\/\/gomotive.com\/es-mx\/#\/schema\/logo\/image\/"},"sameAs":["https:\/\/www.facebook.com\/GoMotive.Inc","https:\/\/x.com\/Motive_inc","https:\/\/www.linkedin.com\/company\/motive-inc\/"]}]}},"parsely":{"version":"1.1.0","canonical_url":"https:\/\/gomotive.com\/es-mx\/content-library\/product-brief\/seguridad-vial\/","smart_links":{"inbound":0,"outbound":0},"traffic_boost_suggestions_count":0,"meta":{"@context":"https:\/\/schema.org","@type":"WebPage","headline":"Product brief | Driver Safety","url":"http:\/\/gomotive.com\/es-mx\/content-library\/product-brief\/seguridad-vial\/","mainEntityOfPage":{"@type":"WebPage","@id":"http:\/\/gomotive.com\/es-mx\/content-library\/product-brief\/seguridad-vial\/"},"thumbnailUrl":"","image":{"@type":"ImageObject","url":""},"articleSection":"Uncategorized @es-mx","author":[{"@type":"Person","name":"Shakiba Iqbal"}],"creator":["Shakiba Iqbal"],"publisher":{"@type":"Organization","name":"Motive","logo":""},"keywords":[],"dateCreated":"2023-03-16T22:12:57Z","datePublished":"2023-03-16T22:12:57Z","dateModified":"2026-04-23T16:47:05Z"},"rendered":"<meta name=\"parsely-title\" content=\"Product brief | Driver Safety\" \/>\n<meta name=\"parsely-link\" content=\"http:\/\/gomotive.com\/es-mx\/content-library\/product-brief\/seguridad-vial\/\" \/>\n<meta name=\"parsely-type\" content=\"index\" \/>\n<meta name=\"parsely-pub-date\" content=\"2023-03-16T22:12:57Z\" \/>\n<meta name=\"parsely-section\" content=\"Uncategorized @es-mx\" \/>\n<meta name=\"parsely-author\" content=\"Shakiba Iqbal\" \/>","tracker_url":"https:\/\/cdn.parsely.com\/keys\/gomotive.com\/p.js"},"_links":{"self":[{"href":"https:\/\/gomotive.com\/es-mx\/wp-json\/wp\/v2\/pages\/89585","targetHints":{"allow":["GET"]}}],"collection":[{"href":"https:\/\/gomotive.com\/es-mx\/wp-json\/wp\/v2\/pages"}],"about":[{"href":"https:\/\/gomotive.com\/es-mx\/wp-json\/wp\/v2\/types\/page"}],"author":[{"embeddable":true,"href":"https:\/\/gomotive.com\/es-mx\/wp-json\/wp\/v2\/users\/14"}],"replies":[{"embeddable":true,"href":"https:\/\/gomotive.com\/es-mx\/wp-json\/wp\/v2\/comments?post=89585"}],"version-history":[{"count":2,"href":"https:\/\/gomotive.com\/es-mx\/wp-json\/wp\/v2\/pages\/89585\/revisions"}],"predecessor-version":[{"id":89594,"href":"https:\/\/gomotive.com\/es-mx\/wp-json\/wp\/v2\/pages\/89585\/revisions\/89594"}],"up":[{"embeddable":true,"href":"https:\/\/gomotive.com\/es-mx\/wp-json\/wp\/v2\/pages\/84444"}],"wp:attachment":[{"href":"https:\/\/gomotive.com\/es-mx\/wp-json\/wp\/v2\/media?parent=89585"}],"curies":[{"name":"wp","href":"https:\/\/api.w.org\/{rel}","templated":true}]}}