{"id":75761,"date":"2022-04-04T09:50:52","date_gmt":"2022-04-04T09:50:52","guid":{"rendered":"https:\/\/gomotive.com\/partners\/"},"modified":"2026-02-24T15:31:58","modified_gmt":"2026-02-24T15:31:58","slug":"socios","status":"publish","type":"page","link":"https:\/\/gomotive.com\/es-mx\/socios\/","title":{"rendered":"Socios"},"content":{"rendered":"\n<style>\n.icon-cards-grid {\n    padding: 0 !important;\n}\n<\/style>\n\n\n\n<section class=\"wp-block-motive-section has-gradient-dark-bottom-right-gradient-background has-background\" style=\"--md-section-height:initial;--sm-section-height:initial;--xs-section-height:initial;--desktop-margin-bottom:0;--desktop-margin-top:-64px;--tablet-margin-bottom:0;--tablet-margin-top:-64px;--mobile-margin-bottom:0;--mobile-margin-top:-64px;--z-index:0;has-parallex-effect:false\">\n<div class=\"wp-block-liteberg-two-column-hero-v1 default has-gradient-dark-bottom-right-background-color has-background\">\n<div class=\"wp-block-group content-wrapper container is-horizontal is-content-justification-space-between is-layout-flex wp-container-core-group-is-layout-5e5b46d1 wp-block-group-is-layout-flex\">\n<div class=\"wp-block-group content-col col-12 col-sm-5 is-vertical is-layout-flex wp-container-core-group-is-layout-8cf370e7 wp-block-group-is-layout-flex\">\n<h1 class=\"wp-block-liteberg-advanced-text eyebrow-style hero-eyebrow\" style=\"--tabletTextAlignment:left;--mobileTextAlignment:left;--desktopTextAlignment:left\">ASOCIACIONES<\/h1>\n\n\n\n<h2 class=\"wp-block-heading heading has-phoenix-white-color has-text-color\" id=\"h-asociate-con-motive\">As\u00f3ciate con Motive.<\/h2>\n\n\n\n<p class=\"paragraph has-phoenix-white-color has-text-color\">Haz crecer tu negocio junto al l\u00edder en Operaciones Automatizadas y accede a soluciones avanzadas que mejoran la seguridad vial, la productividad y la rentabilidad.<\/p>\n\n\n\n<div class=\"wp-block-group cta-group is-horizontal is-content-justification-flex-start is-layout-flex wp-block-group-is-layout-flex\">\n<span class=\"wp-block-motive-button gradient-btn has-anchor-link has-full-width-on-mobile cta-1\" gated-pdf-link=\"\"><a href=\"https:\/\/dash.partnerstack.com\/application?company=motive&amp;group=mexicostrategicpartners\">Convi\u00e9rtete en socio de Motive<\/a><\/span>\n<\/div>\n<\/div>\n\n\n\n<div class=\"wp-block-group form-media-col col-12 col-sm-6 is-vertical is-layout-flex wp-container-core-group-is-layout-8cf370e7 wp-block-group-is-layout-flex\">\n<div class=\"wp-block-phoenix-blocks-media has-border-radius hero-media\" style=\"transform:translateX(0)\">\n<div class=\"wp-block-phoenix-blocks-image-block\">\n<figure class=\"wp-block-image size-large desktop-image\"><img decoding=\"async\" src=\"https:\/\/gomotive.com\/wp-content\/uploads\/2025\/08\/Partner-with-motive.webp\" alt=\"Partner with motive\"\/><\/figure>\n<\/div>\n<\/div>\n<\/div>\n<\/div>\n<\/div>\n<\/section>\n\n\n\n<section class=\"wp-block-motive-section has-background\" style=\"background-color:#f9f9f9;--md-section-height:initial;--sm-section-height:initial;--xs-section-height:initial;border:0px solid #000;--desktop-margin-bottom:-60px;--desktop-margin-top:-60px;--tablet-margin-bottom:-60px;--tablet-margin-top:-60px;--mobile-margin-bottom:-40px;--mobile-margin-top:-40px;--z-index:1;has-parallex-effect:false;--border-radius-top-left:40px;--border-radius-top-right:40px;--border-radius-bottom-left:40px;--border-radius-bottom-right:40px\">\n<div style=\"height:60px\" aria-hidden=\"true\" class=\"wp-block-spacer\"><\/div>\n\n\n\n<div class=\"wp-block-liteberg-content-and-list container\">\n<div class=\"wp-block-group content-list-wrapper is-layout-flow wp-block-group-is-layout-flow\">\n<div class=\"wp-block-group content-wrapper col-12 col-sm-6 is-layout-flow wp-block-group-is-layout-flow\">\n<h2 class=\"wp-block-liteberg-advanced-text h2-style heading\" style=\"--tabletTextAlignment:left;--mobileTextAlignment:left;--desktopTextAlignment:left\">Lleguemos m\u00e1s lejos, m\u00e1s r\u00e1pido, juntos.<\/h2>\n\n\n\n<p class=\"wp-block-liteberg-advanced-text body-style description\" style=\"--tabletTextAlignment:left;--mobileTextAlignment:left;--desktopTextAlignment:left\">Motive te ofrece las herramientas, la tecnolog\u00eda y el soporte necesarios para escalar tu negocio, impulsar tus ingresos y destacar en el mercado.<\/p>\n<\/div>\n\n\n\n<div class=\"wp-block-group list-wrapper col-12 col-sm-5 is-layout-flow wp-block-group-is-layout-flow\">\n<p class=\"wp-block-liteberg-advanced-text eyebrow-style eyebrow has-phoenix-gray-2-color has-text-color has-link-color wp-elements-17ae440d3625ce77e58b4e40f576ac24\" style=\"--tabletTextAlignment:left;--mobileTextAlignment:left;--desktopTextAlignment:left\">PRINCIPALES BENEFICIOS<\/p>\n\n\n\n<div class=\"wp-block-motive-list gradient-check-mark list\">\n<ul class=\"wp-block-list list\">\n<li>Desarrolla con la tecnolog\u00eda de Motive para ofrecer soluciones a tus clientes de forma m\u00e1s r\u00e1pida.<\/li>\n\n\n\n<li>Haz crecer tu negocio con los recursos y el soporte de Motive para impulsar la demanda.<\/li>\n\n\n\n<li>Aumenta tus ganancias y tu base de clientes aprovechando m\u00e1s oportunidades.<\/li>\n<\/ul>\n<\/div>\n<\/div>\n<\/div>\n<\/div>\n\n\n\n<section class=\"wp-block-motive-section\" style=\"--md-section-height:initial;--sm-section-height:initial;--xs-section-height:initial;border:0px solid #000;--desktop-margin-bottom:0;--desktop-margin-top:0;--tablet-margin-bottom:0;--tablet-margin-top:0;--mobile-margin-bottom:0;--mobile-margin-top:0;--z-index:1;has-parallex-effect:false;--border-radius-top-left:0;--border-radius-top-right:0;--border-radius-bottom-left:0;--border-radius-bottom-right:0\"><div class=\"container\">\n<div class=\"wp-block-liteberg-spacing-block md-spacing\" style=\"min-height:initial;--md-section-height:initial;--sm-section-height:initial;--xs-section-height:initial\"><\/div>\n\n\n\n<div class=\"wp-block-group is-layout-constrained wp-block-group-is-layout-constrained\">\n<h2 class=\"wp-block-liteberg-advanced-text h2-style\" style=\"--tabletTextAlignment:left;--mobileTextAlignment:left;--desktopTextAlignment:left\">Ecosistema de socios de Motive<\/h2>\n\n\n\n<div style=\"height:32px\" aria-hidden=\"true\" class=\"wp-block-spacer\"><\/div>\n\n\n\n<p class=\"wp-block-liteberg-advanced-text p-style\" style=\"--tabletTextAlignment:left;--mobileTextAlignment:left;--desktopTextAlignment:left\">Crea una alianza adaptada a las necesidades de tu negocio.<\/p>\n\n\n\n<div class=\"wp-block-liteberg-spacing-block custom-spacing\" style=\"min-height:72px;--md-section-height:72px;--sm-section-height:56px;--xs-section-height:40px\"><\/div>\n<\/div>\n\n\n\n<div class=\"wp-block-phoenix-blocks-grid container icon-cards-grid\">\n<div class=\"wp-block-phoenix-blocks-grid-row row row-cols-md-3 row-cols-sm-2 row-cols-1 align-items-stretch justify-content-start mb-5\">\n<div class=\"wp-block-phoenix-blocks-grid-col col pb-5 pb-md-0\">\n<div class=\"wp-block-group pl-0 pr-2 is-layout-constrained wp-block-group-is-layout-constrained\">\n<div class=\"wp-block-outermost-icon-block\"><div class=\"icon-container\" style=\"width:39px;transform:rotate(0deg) scaleX(1) scaleY(1)\"><svg xmlns=\"http:\/\/www.w3.org\/2000\/svg\" width=\"38\" height=\"37\" viewBox=\"0 0 38 37\" fill=\"none\"><path d=\"M0 4C0 1.79086 1.79086 0 4 0H34C36.2091 0 38 1.79086 38 4V33C38 35.2091 36.2091 37 34 37H4C1.79086 37 0 35.2091 0 33V4Z\" fill=\"#02154D\"><\/path><path fill-rule=\"evenodd\" clip-rule=\"evenodd\" d=\"M27.7637 10.5934L19 9L10.2363 10.5934V17.0454C10.2363 23.2209 15.2726 26.6007 18.2898 28H19.7102C22.7274 26.6007 27.7637 23.2209 27.7637 17.0454V10.5934ZM11.6969 17.0454V11.8124L19 10.4846L26.3031 11.8124V17.0454C26.3031 22.3858 21.872 25.4123 19 26.7191C16.128 25.4123 11.6969 22.3858 11.6969 17.0454Z\" fill=\"white\"><\/path><path fill-rule=\"evenodd\" clip-rule=\"evenodd\" d=\"M23.1679 15.3709L17.7828 20.756L14.8321 17.8052L15.8649 16.7724L17.7828 18.6904L22.1351 14.338L23.1679 15.3709Z\" fill=\"white\"><\/path><\/svg><\/div><\/div>\n\n\n\n<div style=\"height:16px\" aria-hidden=\"true\" class=\"wp-block-spacer\"><\/div>\n\n\n\n<h5 class=\"wp-block-liteberg-advanced-text h5-style\" style=\"--tabletTextAlignment:left;--mobileTextAlignment:left;--desktopTextAlignment:left\">Seguros<\/h5>\n\n\n\n<div style=\"height:16px\" aria-hidden=\"true\" class=\"wp-block-spacer\"><\/div>\n\n\n\n<p class=\"wp-block-liteberg-advanced-text has-small-font-size-style\" style=\"--tabletTextAlignment:left;--mobileTextAlignment:left;--desktopTextAlignment:left\">\u00danete al ecosistema de Motive y descubre c\u00f3mo aseguradoras y brokers pueden ofrecer mayor seguridad, eficiencia y rentabilidad a sus clientes.<\/p>\n<\/div>\n<\/div>\n\n\n\n<div class=\"wp-block-phoenix-blocks-grid-col col pb-5 pb-md-0\">\n<div class=\"wp-block-group pl-0 pr-2 is-layout-constrained wp-block-group-is-layout-constrained\">\n<div class=\"wp-block-outermost-icon-block\"><div class=\"icon-container\" style=\"width:39px;transform:rotate(0deg) scaleX(1) scaleY(1)\"><svg xmlns=\"http:\/\/www.w3.org\/2000\/svg\" width=\"40\" height=\"38\" viewBox=\"0 0 40 38\" fill=\"none\"><path d=\"M0.333496 4C0.333496 1.79086 2.12436 0 4.3335 0H35.1173C37.3264 0 39.1173 1.79086 39.1173 4V33.0121C39.1173 35.2212 37.3264 37.012 35.1173 37.012H4.33349C2.12435 37.012 0.333496 35.2212 0.333496 33.012V4Z\" fill=\"#003492\"><\/path><path d=\"M20.3411 8.50604H16.2521L15.4437 11.6004L14.7999 11.9561L11.5998 11.0801L9.52734 14.5152L11.9377 16.7455L11.9377 17.4094L9.52734 19.6397L11.5998 23.0748L14.7999 22.1988L15.4437 22.5544L16.2521 25.6488H18.2966V24.2203H17.3554L16.6709 21.6004L14.9826 20.6676L12.2648 21.4116L11.3516 19.898L13.3663 18.0339L13.3663 16.121L11.3516 14.2569L12.2648 12.7433L14.9826 13.4873L16.6709 12.5545L17.3554 9.93461H19.2378L19.9222 12.5545L21.6106 13.4873L24.3284 12.7433L25.2416 14.2569L23.2269 16.121V17.0774H24.6555V16.7455L27.0659 14.5152L24.9934 11.0801L21.7933 11.9561L21.1495 11.6004L20.3411 8.50604Z\" fill=\"white\"><\/path><path fill-rule=\"evenodd\" clip-rule=\"evenodd\" d=\"M18.2966 14.2203C16.7187 14.2203 15.4395 15.4995 15.4395 17.0774C15.4395 18.6554 16.7187 19.9346 18.2966 19.9346C19.8746 19.9346 21.1537 18.6554 21.1537 17.0774C21.1537 15.4995 19.8746 14.2203 18.2966 14.2203ZM16.868 17.0774C16.868 16.2885 17.5076 15.6489 18.2966 15.6489C19.0856 15.6489 19.7252 16.2885 19.7252 17.0774C19.7252 17.8664 19.0856 18.506 18.2966 18.506C17.5076 18.506 16.868 17.8664 16.868 17.0774Z\" fill=\"white\"><\/path><path d=\"M27.1783 22.4526L24.0758 25.5551L22.272 23.7513L23.2822 22.7412L24.0758 23.5348L26.1681 21.4425L27.1783 22.4526Z\" fill=\"white\"><\/path><path fill-rule=\"evenodd\" clip-rule=\"evenodd\" d=\"M24.7252 18.506C21.9637 18.506 19.7252 20.7446 19.7252 23.506C19.7252 26.2674 21.9637 28.506 24.7252 28.506C27.4866 28.506 29.7251 26.2674 29.7251 23.506C29.7251 20.7446 27.4866 18.506 24.7252 18.506ZM21.1537 23.506C21.1537 21.5336 22.7527 19.9346 24.7252 19.9346C26.6976 19.9346 28.2966 21.5336 28.2966 23.506C28.2966 25.4784 26.6976 27.0774 24.7252 27.0774C22.7527 27.0774 21.1537 25.4784 21.1537 23.506Z\" fill=\"white\"><\/path><\/svg><\/div><\/div>\n\n\n\n<div style=\"height:16px\" aria-hidden=\"true\" class=\"wp-block-spacer\"><\/div>\n\n\n\n<h5 class=\"wp-block-liteberg-advanced-text h5-style\" style=\"--tabletTextAlignment:left;--mobileTextAlignment:left;--desktopTextAlignment:left\">Tecnolog\u00eda<\/h5>\n\n\n\n<div style=\"height:16px\" aria-hidden=\"true\" class=\"wp-block-spacer\"><\/div>\n\n\n\n<p class=\"wp-block-liteberg-advanced-text has-small-font-size-style\" style=\"--tabletTextAlignment:left;--mobileTextAlignment:left;--desktopTextAlignment:left\">Acelera tus capacidades y ofrece una experiencia fluida entre plataformas con las integraciones de API de Motive.<\/p>\n<\/div>\n<\/div>\n\n\n\n<div class=\"wp-block-phoenix-blocks-grid-col col\">\n<div class=\"wp-block-group pl-0 pr-2 is-layout-constrained wp-block-group-is-layout-constrained\">\n<div class=\"wp-block-outermost-icon-block\"><div class=\"icon-container\" style=\"width:39px;transform:rotate(0deg) scaleX(1) scaleY(1)\"><svg xmlns=\"http:\/\/www.w3.org\/2000\/svg\" width=\"37\" height=\"38\" viewBox=\"0 0 37 38\" fill=\"none\"><path d=\"M0 4.01208C0 1.80294 1.79086 0.012085 4 0.012085H32.8923C35.1014 0.012085 36.8923 1.80295 36.8923 4.01208V33.0241C36.8923 35.2333 35.1014 37.0241 32.8923 37.0241H4.00001C1.79087 37.0241 0 35.2333 0 33.0241V4.01208Z\" fill=\"#005BE2\"><\/path><path fill-rule=\"evenodd\" clip-rule=\"evenodd\" d=\"M23.4463 22.8038C22.2628 22.8038 21.3034 23.7632 21.3034 24.9466V28.5181H19.8749V24.9466C19.8749 22.9742 21.4738 21.3752 23.4463 21.3752H28.4463V22.8038H23.4463Z\" fill=\"white\"><\/path><path fill-rule=\"evenodd\" clip-rule=\"evenodd\" d=\"M28.4462 9.94669C26.0793 9.94669 24.1605 11.8655 24.1605 14.2324C24.1605 16.5993 26.0793 18.5181 28.4462 18.5181V19.9467C25.2903 19.9467 22.732 17.3883 22.732 14.2324C22.732 11.0765 25.2903 8.51813 28.4462 8.51813V9.94669Z\" fill=\"white\"><\/path><path fill-rule=\"evenodd\" clip-rule=\"evenodd\" d=\"M13.4463 22.8038C14.6297 22.8038 15.5891 23.7632 15.5891 24.9466V28.5181H17.0177V24.9466C17.0177 22.9742 15.4187 21.3752 13.4463 21.3752H8.44629V22.8038H13.4463Z\" fill=\"white\"><\/path><path fill-rule=\"evenodd\" clip-rule=\"evenodd\" d=\"M8.44629 9.94669C10.8132 9.94669 12.732 11.8655 12.732 14.2324C12.732 16.5993 10.8132 18.5181 8.44629 18.5181V19.9467C11.6022 19.9467 14.1606 17.3883 14.1606 14.2324C14.1606 11.0765 11.6022 8.51813 8.44629 8.51813V9.94669Z\" fill=\"white\"><\/path><path fill-rule=\"evenodd\" clip-rule=\"evenodd\" d=\"M21.3034 14.2324V12.8153L19.3583 10.8702L18.3481 11.8803L19.2716 12.8038H15.5891V14.2324L21.3034 14.2324Z\" fill=\"white\"><\/path><path fill-rule=\"evenodd\" clip-rule=\"evenodd\" d=\"M15.5951 15.6576V17.0747L17.5402 19.0198L18.5503 18.0097L17.6268 17.0862H21.3093V15.6576H15.5951Z\" fill=\"white\"><\/path><\/svg><\/div><\/div>\n\n\n\n<div style=\"height:16px\" aria-hidden=\"true\" class=\"wp-block-spacer\"><\/div>\n\n\n\n<h5 class=\"wp-block-liteberg-advanced-text h5-style\" style=\"--tabletTextAlignment:left;--mobileTextAlignment:left;--desktopTextAlignment:left\">Referidos<\/h5>\n\n\n\n<div style=\"height:16px\" aria-hidden=\"true\" class=\"wp-block-spacer\"><\/div>\n\n\n\n<p class=\"wp-block-liteberg-advanced-text has-small-font-size-style\" style=\"--tabletTextAlignment:left;--mobileTextAlignment:left;--desktopTextAlignment:left\">Conecta a tus clientes con el hardware y las soluciones de Motive, y gana recompensas por cada referido exitoso.<\/p>\n\n\n\n<div class=\"wp-block-liteberg-spacing-block custom-spacing\" style=\"min-height:0px;--md-section-height:0px;--sm-section-height:0px;--xs-section-height:0px\"><\/div>\n<\/div>\n<\/div>\n<\/div>\n<\/div>\n\n\n\n<div class=\"wp-block-liteberg-spacing-block md-spacing\" style=\"min-height:initial;--md-section-height:initial;--sm-section-height:initial;--xs-section-height:initial\"><\/div>\n<\/div><\/section>\n\n\n\n<div style=\"height:60px\" aria-hidden=\"true\" class=\"wp-block-spacer\"><\/div>\n<\/section>\n\n\n\n<section class=\"wp-block-motive-section has-phoenix-black-background-color has-background\" style=\"--md-section-height:initial;--sm-section-height:initial;--xs-section-height:initial;border:0px solid #000;--desktop-margin-bottom:-2px;--desktop-margin-top:0;--tablet-margin-bottom:-2px;--tablet-margin-top:0;--mobile-margin-bottom:-2px;--mobile-margin-top:0;--z-index:0;has-parallex-effect:false;--border-radius-top-left:0;--border-radius-top-right:0;--border-radius-bottom-left:0;--border-radius-bottom-right:0\">\n<div class=\"wp-block-liteberg-spacing-block lg-spacing\" style=\"min-height:initial;--md-section-height:initial;--sm-section-height:initial;--xs-section-height:initial\"><\/div>\n<\/section>\n","protected":false},"excerpt":{"rendered":"","protected":false},"author":14,"featured_media":0,"parent":0,"menu_order":0,"comment_status":"closed","ping_status":"closed","template":"wp-custom-template-transparent-navigation-header-v2","meta":{"_acf_changed":false,"footnotes":""},"class_list":["post-75761","page","type-page","status-publish","hentry"],"acf":[],"yoast_head":"<!-- This site is optimized with the Yoast SEO Premium plugin v23.4 (Yoast SEO v27.2) - https:\/\/yoast.com\/product\/yoast-seo-premium-wordpress\/ -->\n<title>As\u00f3ciate con Motive: Programa de Partners Personalizado<\/title>\n<meta name=\"description\" content=\"Lanza un programa de gesti\u00f3n de flotas adaptado a tus necesidades. Motive te ofrece las herramientas, la tecnolog\u00eda y el soporte que necesitas para escalar y aumentar tus ingresos.Convi\u00e9rtete en socio hoy mismo.\" \/>\n<meta name=\"robots\" content=\"index, follow, max-snippet:-1, max-image-preview:large, max-video-preview:-1\" \/>\n<link rel=\"canonical\" href=\"https:\/\/gomotive.com\/es-mx\/wp-json\/wp\/v2\/pages\/75761\" \/>\n<meta property=\"og:locale\" content=\"es_MX\" \/>\n<meta property=\"og:type\" content=\"article\" \/>\n<meta property=\"og:title\" content=\"Socios\" \/>\n<meta property=\"og:description\" content=\"Lanza un programa de gesti\u00f3n de flotas adaptado a tus necesidades. Motive te ofrece las herramientas, la tecnolog\u00eda y el soporte que necesitas para escalar y aumentar tus ingresos.Convi\u00e9rtete en socio hoy mismo.\" \/>\n<meta property=\"og:url\" content=\"https:\/\/gomotive.com\/es-mx\/socios\/\" \/>\n<meta property=\"og:site_name\" content=\"Motive\" \/>\n<meta property=\"article:publisher\" content=\"https:\/\/www.facebook.com\/GoMotive.Inc\" \/>\n<meta property=\"article:modified_time\" content=\"2026-02-24T15:31:58+00:00\" \/>\n<meta property=\"og:image\" content=\"https:\/\/gomotive.com\/wp-content\/uploads\/2025\/08\/Partner-with-motive.webp\" \/>\n<meta name=\"twitter:card\" content=\"summary_large_image\" \/>\n<meta name=\"twitter:site\" content=\"@Motive_inc\" \/>\n<meta name=\"twitter:label1\" content=\"Est. reading time\" \/>\n\t<meta name=\"twitter:data1\" content=\"2 minutes\" \/>\n<script type=\"application\/ld+json\" class=\"yoast-schema-graph\">{\"@context\":\"https:\/\/schema.org\",\"@graph\":[{\"@type\":\"WebPage\",\"@id\":\"https:\/\/gomotive.com\/es-mx\/socios\/\",\"url\":\"https:\/\/gomotive.com\/es-mx\/socios\/\",\"name\":\"As\u00f3ciate con Motive: Programa de Partners Personalizado\",\"isPartOf\":{\"@id\":\"https:\/\/gomotive.com\/#website\"},\"primaryImageOfPage\":{\"@id\":\"https:\/\/gomotive.com\/es-mx\/socios\/#primaryimage\"},\"image\":{\"@id\":\"https:\/\/gomotive.com\/es-mx\/socios\/#primaryimage\"},\"thumbnailUrl\":\"https:\/\/gomotive.com\/wp-content\/uploads\/2025\/08\/Partner-with-motive.webp\",\"datePublished\":\"2022-04-04T09:50:52+00:00\",\"dateModified\":\"2026-02-24T15:31:58+00:00\",\"description\":\"Lanza un programa de gesti\u00f3n de flotas adaptado a tus necesidades. Motive te ofrece las herramientas, la tecnolog\u00eda y el soporte que necesitas para escalar y aumentar tus ingresos.Convi\u00e9rtete en socio hoy mismo.\",\"inLanguage\":\"es-mx\",\"potentialAction\":[{\"@type\":\"ReadAction\",\"target\":[\"https:\/\/gomotive.com\/es-mx\/socios\/\"]}]},{\"@type\":\"ImageObject\",\"inLanguage\":\"es-mx\",\"@id\":\"https:\/\/gomotive.com\/es-mx\/socios\/#primaryimage\",\"url\":\"https:\/\/gomotive.com\/wp-content\/uploads\/2025\/08\/Partner-with-motive.webp\",\"contentUrl\":\"https:\/\/gomotive.com\/wp-content\/uploads\/2025\/08\/Partner-with-motive.webp\"},{\"@type\":\"WebSite\",\"@id\":\"https:\/\/gomotive.com\/#website\",\"url\":\"https:\/\/gomotive.com\/\",\"name\":\"Motive\",\"description\":\"Automated Operations Platform for the Physical Economy\",\"publisher\":{\"@id\":\"https:\/\/gomotive.com\/#organization\"},\"potentialAction\":[{\"@type\":\"SearchAction\",\"target\":{\"@type\":\"EntryPoint\",\"urlTemplate\":\"https:\/\/gomotive.com\/?s={search_term_string}\"},\"query-input\":{\"@type\":\"PropertyValueSpecification\",\"valueRequired\":true,\"valueName\":\"search_term_string\"}}],\"inLanguage\":\"es-mx\"},{\"@type\":\"Organization\",\"@id\":\"https:\/\/gomotive.com\/#organization\",\"name\":\"Motive\",\"url\":\"https:\/\/gomotive.com\/\",\"logo\":{\"@type\":\"ImageObject\",\"inLanguage\":\"es-mx\",\"@id\":\"https:\/\/gomotive.com\/#\/schema\/logo\/image\/\",\"url\":\"https:\/\/gomotive.com\/wp-content\/uploads\/2022\/04\/Social-Share-Image.png\",\"contentUrl\":\"https:\/\/gomotive.com\/wp-content\/uploads\/2022\/04\/Social-Share-Image.png\",\"width\":2400,\"height\":1254,\"caption\":\"Motive\"},\"image\":{\"@id\":\"https:\/\/gomotive.com\/#\/schema\/logo\/image\/\"},\"sameAs\":[\"https:\/\/www.facebook.com\/GoMotive.Inc\",\"https:\/\/x.com\/Motive_inc\",\"https:\/\/www.linkedin.com\/company\/motive-inc\/\"]}]}<\/script>\n<!-- \/ Yoast SEO Premium plugin. -->","yoast_head_json":{"title":"As\u00f3ciate con Motive: Programa de Partners Personalizado","description":"Lanza un programa de gesti\u00f3n de flotas adaptado a tus necesidades. Motive te ofrece las herramientas, la tecnolog\u00eda y el soporte que necesitas para escalar y aumentar tus ingresos.Convi\u00e9rtete en socio hoy mismo.","robots":{"index":"index","follow":"follow","max-snippet":"max-snippet:-1","max-image-preview":"max-image-preview:large","max-video-preview":"max-video-preview:-1"},"canonical":"https:\/\/gomotive.com\/es-mx\/wp-json\/wp\/v2\/pages\/75761","og_locale":"es_MX","og_type":"article","og_title":"Socios","og_description":"Lanza un programa de gesti\u00f3n de flotas adaptado a tus necesidades. Motive te ofrece las herramientas, la tecnolog\u00eda y el soporte que necesitas para escalar y aumentar tus ingresos.Convi\u00e9rtete en socio hoy mismo.","og_url":"https:\/\/gomotive.com\/es-mx\/socios\/","og_site_name":"Motive","article_publisher":"https:\/\/www.facebook.com\/GoMotive.Inc","article_modified_time":"2026-02-24T15:31:58+00:00","og_image":[{"url":"https:\/\/gomotive.com\/wp-content\/uploads\/2025\/08\/Partner-with-motive.webp","type":"","width":"","height":""}],"twitter_card":"summary_large_image","twitter_site":"@Motive_inc","twitter_misc":{"Est. reading time":"2 minutes"},"schema":{"@context":"https:\/\/schema.org","@graph":[{"@type":"WebPage","@id":"https:\/\/gomotive.com\/es-mx\/socios\/","url":"https:\/\/gomotive.com\/es-mx\/socios\/","name":"As\u00f3ciate con Motive: Programa de Partners Personalizado","isPartOf":{"@id":"https:\/\/gomotive.com\/#website"},"primaryImageOfPage":{"@id":"https:\/\/gomotive.com\/es-mx\/socios\/#primaryimage"},"image":{"@id":"https:\/\/gomotive.com\/es-mx\/socios\/#primaryimage"},"thumbnailUrl":"https:\/\/gomotive.com\/wp-content\/uploads\/2025\/08\/Partner-with-motive.webp","datePublished":"2022-04-04T09:50:52+00:00","dateModified":"2026-02-24T15:31:58+00:00","description":"Lanza un programa de gesti\u00f3n de flotas adaptado a tus necesidades. Motive te ofrece las herramientas, la tecnolog\u00eda y el soporte que necesitas para escalar y aumentar tus ingresos.Convi\u00e9rtete en socio hoy mismo.","inLanguage":"es-mx","potentialAction":[{"@type":"ReadAction","target":["https:\/\/gomotive.com\/es-mx\/socios\/"]}]},{"@type":"ImageObject","inLanguage":"es-mx","@id":"https:\/\/gomotive.com\/es-mx\/socios\/#primaryimage","url":"https:\/\/gomotive.com\/wp-content\/uploads\/2025\/08\/Partner-with-motive.webp","contentUrl":"https:\/\/gomotive.com\/wp-content\/uploads\/2025\/08\/Partner-with-motive.webp"},{"@type":"WebSite","@id":"https:\/\/gomotive.com\/#website","url":"https:\/\/gomotive.com\/","name":"Motive","description":"Automated Operations Platform for the Physical Economy","publisher":{"@id":"https:\/\/gomotive.com\/#organization"},"potentialAction":[{"@type":"SearchAction","target":{"@type":"EntryPoint","urlTemplate":"https:\/\/gomotive.com\/?s={search_term_string}"},"query-input":{"@type":"PropertyValueSpecification","valueRequired":true,"valueName":"search_term_string"}}],"inLanguage":"es-mx"},{"@type":"Organization","@id":"https:\/\/gomotive.com\/#organization","name":"Motive","url":"https:\/\/gomotive.com\/","logo":{"@type":"ImageObject","inLanguage":"es-mx","@id":"https:\/\/gomotive.com\/#\/schema\/logo\/image\/","url":"https:\/\/gomotive.com\/wp-content\/uploads\/2022\/04\/Social-Share-Image.png","contentUrl":"https:\/\/gomotive.com\/wp-content\/uploads\/2022\/04\/Social-Share-Image.png","width":2400,"height":1254,"caption":"Motive"},"image":{"@id":"https:\/\/gomotive.com\/#\/schema\/logo\/image\/"},"sameAs":["https:\/\/www.facebook.com\/GoMotive.Inc","https:\/\/x.com\/Motive_inc","https:\/\/www.linkedin.com\/company\/motive-inc\/"]}]}},"parsely":{"version":"1.1.0","canonical_url":"https:\/\/gomotive.com\/es-mx\/socios\/","smart_links":{"inbound":0,"outbound":0},"traffic_boost_suggestions_count":0,"meta":{"@context":"https:\/\/schema.org","@type":"WebPage","headline":"Socios","url":"http:\/\/gomotive.com\/es-mx\/socios\/","mainEntityOfPage":{"@type":"WebPage","@id":"http:\/\/gomotive.com\/es-mx\/socios\/"},"thumbnailUrl":"","image":{"@type":"ImageObject","url":""},"articleSection":"Uncategorized @es-mx","author":[{"@type":"Person","name":"Shakiba Iqbal"}],"creator":["Shakiba Iqbal"],"publisher":{"@type":"Organization","name":"Motive","logo":""},"keywords":[],"dateCreated":"2022-04-04T09:50:52Z","datePublished":"2022-04-04T09:50:52Z","dateModified":"2026-02-24T15:31:58Z"},"rendered":"<meta name=\"parsely-title\" content=\"Socios\" \/>\n<meta name=\"parsely-link\" content=\"http:\/\/gomotive.com\/es-mx\/socios\/\" \/>\n<meta name=\"parsely-type\" content=\"index\" \/>\n<meta name=\"parsely-pub-date\" content=\"2022-04-04T09:50:52Z\" \/>\n<meta name=\"parsely-section\" content=\"Uncategorized @es-mx\" \/>\n<meta name=\"parsely-author\" content=\"Shakiba Iqbal\" \/>","tracker_url":"https:\/\/cdn.parsely.com\/keys\/gomotive.com\/p.js"},"_links":{"self":[{"href":"https:\/\/gomotive.com\/es-mx\/wp-json\/wp\/v2\/pages\/75761","targetHints":{"allow":["GET"]}}],"collection":[{"href":"https:\/\/gomotive.com\/es-mx\/wp-json\/wp\/v2\/pages"}],"about":[{"href":"https:\/\/gomotive.com\/es-mx\/wp-json\/wp\/v2\/types\/page"}],"author":[{"embeddable":true,"href":"https:\/\/gomotive.com\/es-mx\/wp-json\/wp\/v2\/users\/14"}],"replies":[{"embeddable":true,"href":"https:\/\/gomotive.com\/es-mx\/wp-json\/wp\/v2\/comments?post=75761"}],"version-history":[{"count":9,"href":"https:\/\/gomotive.com\/es-mx\/wp-json\/wp\/v2\/pages\/75761\/revisions"}],"predecessor-version":[{"id":84079,"href":"https:\/\/gomotive.com\/es-mx\/wp-json\/wp\/v2\/pages\/75761\/revisions\/84079"}],"wp:attachment":[{"href":"https:\/\/gomotive.com\/es-mx\/wp-json\/wp\/v2\/media?parent=75761"}],"curies":[{"name":"wp","href":"https:\/\/api.w.org\/{rel}","templated":true}]}}