{"id":75640,"date":"2022-04-02T20:59:40","date_gmt":"2022-04-02T20:59:40","guid":{"rendered":"https:\/\/gomotive.com\/legal\/terminos-de-servicio\/disclaimers\/"},"modified":"2026-03-18T13:22:30","modified_gmt":"2026-03-18T13:22:30","slug":"avisos-legales","status":"publish","type":"page","link":"https:\/\/gomotive.com\/es-mx\/legal\/terminos-de-servicio\/avisos-legales\/","title":{"rendered":"Avisos Legales &#8211; T\u00e9rminos de Servicio | Motive"},"content":{"rendered":"<style>\n.wb-popup-hash-button, .floating-searchbar-container {<br \/>\n   display: none !important;<br \/>\n}<br \/>\n<\/style>\n\n\n<section class=\"wp-block-motive-section has-gradient-dark-bottom-right-gradient-background has-background\" style=\"--md-section-height:initial;--sm-section-height:initial;--xs-section-height:initial;--desktop-margin-bottom:0;--desktop-margin-top:-64px;--tablet-margin-bottom:0;--tablet-margin-top:-64px;--mobile-margin-bottom:0;--mobile-margin-top:-64px;--z-index:1;has-parallex-effect:false\">\n<div class=\"wp-block-liteberg-spacing-block custom-spacing\" style=\"min-height:161px;--md-section-height:146px;--sm-section-height:146px;--xs-section-height:146px\"><\/div>\n\n\n\n<p class=\"wp-block-liteberg-advanced-text eyebrow-style has-phoenix-gray-6-color has-text-color has-link-color wp-elements-f63f8d90f9e3cb6796a4d09135e02027\" style=\"--tabletTextAlignment:center;--mobileTextAlignment:center;--desktopTextAlignment:center\">LEGAL<\/p>\n\n\n\n<div class=\"wp-block-liteberg-spacing-block custom-spacing\" style=\"min-height:16px;--md-section-height:16px;--sm-section-height:16px;--xs-section-height:16px\"><\/div>\n\n\n\n<h1 class=\"wp-block-liteberg-advanced-text p-style container has-phoenix-white-color has-text-color has-link-color wp-elements-77a427a4da6bec3386b538ed87fa0da3\" style=\"--tabletTextAlignment:center;--mobileTextAlignment:center;--desktopTextAlignment:center\">Pol\u00edticas y acuerdos<\/h1>\n\n\n\n<div class=\"wp-block-liteberg-spacing-block custom-spacing\" style=\"min-height:56px;--md-section-height:48px;--sm-section-height:48px;--xs-section-height:48px\"><\/div>\n\n\n\n<p><\/p>\n\n\n\n<div class=\"wp-block-phoenix-blocks-grid container\">\n<div class=\"wp-block-phoenix-blocks-grid-row row row-cols-md-4 row-cols-sm-4 row-cols-1 align-items-stretch justify-content-start\">\n<div class=\"wp-block-phoenix-blocks-grid-col col\">\n<div class=\"wp-block-phoenix-blocks-overview-anchor-button legal-button-transparent\">\n<div class=\"wp-block-phoenix-blocks-buttons is-layout-flex wp-block-phoenix-blocks-buttons-is-layout-flex\">\n<div class=\"wp-block-phoenix-blocks-button full-width is-layout-flow wp-block-phoenix-blocks-button-is-layout-flow\"><a class=\"btn btn-primary\" href=\"https:\/\/gomotive.com\/es-mx\/legal\/privacidad\/\">Pol\u00edtica de Privacidad<\/a><\/div>\n<\/div>\n<\/div>\n<\/div>\n\n\n\n<div class=\"wp-block-phoenix-blocks-grid-col col\">\n<div class=\"wp-block-phoenix-blocks-overview-anchor-button legal-button-transparent\">\n<div class=\"wp-block-phoenix-blocks-buttons is-layout-flex wp-block-phoenix-blocks-buttons-is-layout-flex\">\n<div class=\"wp-block-phoenix-blocks-button full-width is-layout-flow wp-block-phoenix-blocks-button-is-layout-flow\"><a class=\"btn btn-primary\" href=\"https:\/\/gomotive.com\/es-mx\/legal\/terminos-de-servicio\/\">T\u00e9rminos de Servicio<\/a><\/div>\n<\/div>\n<\/div>\n<\/div>\n\n\n\n<div class=\"wp-block-phoenix-blocks-grid-col col\">\n<div class=\"wp-block-phoenix-blocks-overview-anchor-button legal-button-transparent\">\n<div class=\"wp-block-phoenix-blocks-buttons is-layout-flex wp-block-phoenix-blocks-buttons-is-layout-flex\">\n<div class=\"wp-block-phoenix-blocks-button full-width is-layout-flow wp-block-phoenix-blocks-button-is-layout-flow\"><a class=\"btn btn-primary\" href=\"https:\/\/gomotive.com\/es-mx\/legal\/proteccion-de-datos\/\">Anexo de Protecci\u00f3n de Datos<\/a><\/div>\n<\/div>\n<\/div>\n<\/div>\n\n\n\n<div class=\"wp-block-phoenix-blocks-grid-col col\">\n<div class=\"wp-block-phoenix-blocks-overview-anchor-button legal-button-transparent\">\n<div class=\"wp-block-phoenix-blocks-buttons is-layout-flex wp-block-phoenix-blocks-buttons-is-layout-flex\">\n<div class=\"wp-block-phoenix-blocks-button full-width is-layout-flow wp-block-phoenix-blocks-button-is-layout-flow\"><a class=\"btn btn-primary\" href=\"https:\/\/gomotive.com\/es-mx\/legal\/terminos-de-hardware\/\">T\u00e9rminos y Garant\u00edas de Hardware<\/a><\/div>\n<\/div>\n<\/div>\n<\/div>\n\n\n\n<div class=\"wp-block-phoenix-blocks-grid-col col\">\n<div class=\"wp-block-phoenix-blocks-overview-anchor-button legal-button-transparent\">\n<div class=\"wp-block-phoenix-blocks-buttons is-layout-flex wp-block-phoenix-blocks-buttons-is-layout-flex\">\n<div class=\"wp-block-phoenix-blocks-button full-width is-layout-flow wp-block-phoenix-blocks-button-is-layout-flow\"><a class=\"btn btn-primary\" href=\"https:\/\/gomotive.com\/es-mx\/legal\/servicios-profesionales\/\">Servicios Profesionales<\/a><\/div>\n<\/div>\n<\/div>\n<\/div>\n\n\n\n<div class=\"wp-block-phoenix-blocks-grid-col col\">\n<div class=\"wp-block-phoenix-blocks-overview-anchor-button legal-button-transparent\">\n<div class=\"wp-block-phoenix-blocks-buttons is-layout-flex wp-block-phoenix-blocks-buttons-is-layout-flex\">\n<div class=\"wp-block-phoenix-blocks-button full-width is-layout-flow wp-block-phoenix-blocks-button-is-layout-flow\"><a class=\"btn btn-primary\" href=\"https:\/\/gomotive.com\/es-mx\/legal\/politica-de-uso-aceptable\/\">Pol\u00edtica de Uso Aceptable<\/a><\/div>\n<\/div>\n<\/div>\n<\/div>\n\n\n\n<div class=\"wp-block-phoenix-blocks-grid-col col\">\n<div class=\"wp-block-phoenix-blocks-overview-anchor-button legal-button-transparent\">\n<div class=\"wp-block-phoenix-blocks-buttons is-layout-flex wp-block-phoenix-blocks-buttons-is-layout-flex\">\n<div class=\"wp-block-phoenix-blocks-button full-width is-layout-flow wp-block-phoenix-blocks-button-is-layout-flow\"><a class=\"btn btn-primary\" href=\"https:\/\/gomotive.com\/es-mx\/legal\/programa-afiliacion-terminos-del-servicio\/\">Programa de Afiliados de Motive<\/a><\/div>\n<\/div>\n<\/div>\n<\/div>\n\n\n\n<div class=\"wp-block-phoenix-blocks-grid-col col\">\n<div class=\"wp-block-phoenix-blocks-overview-anchor-button legal-button-transparent\">\n<div class=\"wp-block-phoenix-blocks-buttons is-layout-flex wp-block-phoenix-blocks-buttons-is-layout-flex\">\n<div class=\"wp-block-phoenix-blocks-button full-width is-layout-flow wp-block-phoenix-blocks-button-is-layout-flow\"><a class=\"btn btn-primary\" href=\"https:\/\/gomotive.com\/es-mx\/legal\/programa-de-clientes-referidos\/\">Programa de Referidos de Clientes<\/a><\/div>\n<\/div>\n<\/div>\n<\/div>\n\n\n\n<div class=\"wp-block-phoenix-blocks-grid-col col\">\n<div class=\"wp-block-phoenix-blocks-overview-anchor-button legal-button-transparent\">\n<div class=\"wp-block-phoenix-blocks-buttons is-layout-flex wp-block-phoenix-blocks-buttons-is-layout-flex\">\n<div class=\"wp-block-phoenix-blocks-button full-width is-layout-flow wp-block-phoenix-blocks-button-is-layout-flow\"><a class=\"btn btn-primary\" href=\"https:\/\/gomotive.com\/es-mx\/legal\/terminos-de-servicio\/avisos-legales\/\">Avisos Legales<\/a><\/div>\n<\/div>\n<\/div>\n<\/div>\n<\/div>\n<\/div>\n\n\n\n<div class=\"wp-block-liteberg-spacing-block custom-spacing\" style=\"min-height:160px;--md-section-height:160px;--sm-section-height:160px;--xs-section-height:120px\"><\/div>\n<\/section>\n\n\n\n<section class=\"wp-block-motive-section has-phoenix-white-background-color has-background\" style=\"--md-section-height:initial;--sm-section-height:initial;--xs-section-height:initial;border:0px solid #000;--desktop-margin-bottom:0;--desktop-margin-top:-60px;--tablet-margin-bottom:0;--tablet-margin-top:-60px;--mobile-margin-bottom:0;--mobile-margin-top:-40px;--z-index:2;has-parallex-effect:false;--border-radius-top-left:30px;--border-radius-top-right:30px;--border-radius-bottom-left:0;--border-radius-bottom-right:0\">\n<div class=\"wp-block-liteberg-spacing-block custom-spacing\" style=\"min-height:60px;--md-section-height:60px;--sm-section-height:60px;--xs-section-height:45px\"><\/div>\n<\/section>\n\n\n\n<section class=\"wp-block-motive-section\" style=\"--md-section-height:initial;--sm-section-height:initial;--xs-section-height:initial\"><div class=\"container\">\n<div class=\"wp-block-liteberg-spacing-block md-spacing\" style=\"min-height:initial;--md-section-height:initial;--sm-section-height:initial;--xs-section-height:initial\"><\/div>\n\n\n\n<h3 class=\"wp-block-heading\" id=\"h-aviso-legal-del-contenido-del-sitio-web\">Aviso Legal del Contenido del Sitio Web<\/h3>\n\n\n\n<div class=\"wp-block-phoenix-blocks-spacer h2-and-subtitle-spacing\" style=\"min-height:initial;--tablet-section-height:initial;--mobile-section-height:initial\"><\/div>\n\n\n\n<p class=\"body has-phoenix-black-color has-text-color\">Todo el contenido de este sitio web es gratuito y se proporciona \u00fanicamente con fines informativos y educativos. Ninguno de los contenidos sustituye la obtenci\u00f3n de su propia asesor\u00eda legal, fiscal, financiera u otro tipo de asesoramiento profesional o empresarial. Aunque Motive se esfuerza por proporcionar informaci\u00f3n precisa, usted no debe confiar \u00fanicamente en el contenido de este sitio web al tomar decisiones de negocio. Consulte siempre a un profesional en el \u00e1rea para sus necesidades y circunstancias particulares para asegurarse de tomar decisiones totalmente informadas.<\/p>\n\n\n\n<div class=\"wp-block-phoenix-blocks-spacer h1-and-subtitle-spacing\" style=\"min-height:initial;--tablet-section-height:initial;--mobile-section-height:initial\"><\/div>\n<\/div><\/section>\n\n\n\n<section class=\"wp-block-motive-section\" style=\"--md-section-height:initial;--sm-section-height:initial;--xs-section-height:initial\"><div class=\"container\">\n<h3 class=\"wp-block-heading\" id=\"h-aviso-legal-del-contenido-enlazado\">Aviso Legal del Contenido Enlazado<\/h3>\n\n\n\n<div class=\"wp-block-phoenix-blocks-spacer h2-and-subtitle-spacing\" style=\"min-height:initial;--tablet-section-height:initial;--mobile-section-height:initial\"><\/div>\n\n\n\n<p class=\"has-phoenix-black-color has-text-color\">Algunos de los enlaces contenidos en este sitio le permitir\u00e1n salir del sitio web de Motive. Los sitios enlazados no est\u00e1n bajo el control de Motive, ni Motive es responsable por el contenido de ning\u00fan sitio enlazado o de cualquier enlace contenido en un sitio enlazado. Estos enlaces se le proporcionan \u00fanicamente como una conveniencia, y la inclusi\u00f3n de cualquier enlace no implica el respaldo o la afiliaci\u00f3n con el sitio.<\/p>\n\n\n\n<div class=\"wp-block-phoenix-blocks-spacer h1-and-subtitle-spacing\" style=\"min-height:initial;--tablet-section-height:initial;--mobile-section-height:initial\"><\/div>\n<\/div><\/section>\n\n\n\n<section class=\"wp-block-motive-section\" style=\"--md-section-height:initial;--sm-section-height:initial;--xs-section-height:initial\"><div class=\"container\">\n<h3 class=\"wp-block-heading\" id=\"h-aviso-legal-sobre-estudios-de-caso-de-clientes-y-testimonios\">Aviso Legal sobre Estudios de Caso de Clientes y Testimonios<\/h3>\n\n\n\n<div class=\"wp-block-phoenix-blocks-spacer h2-and-subtitle-spacing\" style=\"min-height:initial;--tablet-section-height:initial;--mobile-section-height:initial\"><\/div>\n\n\n\n<p class=\"body\">Los testimonios, declaraciones y opiniones presentadas en este sitio web reflejan las experiencias de la vida real de personas y\/o empresas que han utilizado nuestros productos y\/o servicios. Los resultados individuales pueden variar y el desempe\u00f1o pasado no es garant\u00eda de resultados futuros.<\/p>\n\n\n\n<p>Los testimonios presentados en este sitio web fueron proporcionados voluntariamente y no fueron pagados. Motive no es responsable de las opiniones o comentarios publicados en este sitio web y no necesariamente comparte las opiniones, puntos de vista o comentarios de las publicaciones en este sitio web. Todas las opiniones expresadas son estrictamente los puntos de vista del individuo y\/o la empresa indicada en ellos.<\/p>\n<\/div><\/section>\n\n\n\n<section class=\"wp-block-motive-section has-phoenix-white-background-color has-background\" style=\"--md-section-height:initial;--sm-section-height:initial;--xs-section-height:initial;border:0px solid #000;--desktop-margin-bottom:-60px;--desktop-margin-top:;--tablet-margin-bottom:-60px;--tablet-margin-top:0;--mobile-margin-bottom:-60px;--mobile-margin-top:0;--z-index:2;has-parallex-effect:false;--border-radius-top-left:0;--border-radius-top-right:0;--border-radius-bottom-left:40px;--border-radius-bottom-right:40px\">\n<div class=\"wp-block-liteberg-spacing-block lg-spacing\" style=\"min-height:initial;--md-section-height:initial;--sm-section-height:initial;--xs-section-height:initial\"><\/div>\n<\/section>\n","protected":false},"excerpt":{"rendered":"","protected":false},"author":14,"featured_media":0,"parent":45384,"menu_order":0,"comment_status":"closed","ping_status":"closed","template":"","meta":{"_acf_changed":false,"footnotes":""},"class_list":["post-75640","page","type-page","status-publish","hentry"],"acf":[],"yoast_head":"<!-- This site is optimized with the Yoast SEO Premium plugin v23.4 (Yoast SEO v27.2) - https:\/\/yoast.com\/product\/yoast-seo-premium-wordpress\/ -->\n<title>Avisos Legales - T\u00e9rminos de Servicio | Motive<\/title>\n<meta name=\"description\" content=\"Esto es Motive y el aviso legal de nuestra responsabilidad legal por la calidad, confiabilidad o seguridad de nuestros Servicios y Hardware.\" \/>\n<meta name=\"robots\" content=\"index, follow, max-snippet:-1, max-image-preview:large, max-video-preview:-1\" \/>\n<link rel=\"canonical\" href=\"https:\/\/gomotive.com\/es-mx\/wp-json\/wp\/v2\/pages\/75640\" \/>\n<meta property=\"og:locale\" content=\"es_MX\" \/>\n<meta property=\"og:type\" content=\"article\" \/>\n<meta property=\"og:title\" content=\"Avisos Legales - T\u00e9rminos de Servicio | Motive\" \/>\n<meta property=\"og:description\" content=\"Esto es Motive y el aviso legal de nuestra responsabilidad legal por la calidad, confiabilidad o seguridad de nuestros Servicios y Hardware.\" \/>\n<meta property=\"og:url\" content=\"https:\/\/gomotive.com\/es-mx\/legal\/terminos-de-servicio\/avisos-legales\/\" \/>\n<meta property=\"og:site_name\" content=\"Motive\" \/>\n<meta property=\"article:publisher\" content=\"https:\/\/www.facebook.com\/GoMotive.Inc\" \/>\n<meta property=\"article:modified_time\" content=\"2026-03-18T13:22:30+00:00\" \/>\n<meta property=\"og:image\" content=\"https:\/\/gomotive.com\/wp-content\/uploads\/2022\/04\/Social-Share-Image.png\" \/>\n\t<meta property=\"og:image:width\" content=\"2400\" \/>\n\t<meta property=\"og:image:height\" content=\"1254\" \/>\n\t<meta property=\"og:image:type\" content=\"image\/png\" \/>\n<meta name=\"twitter:card\" content=\"summary_large_image\" \/>\n<meta name=\"twitter:site\" content=\"@Motive_inc\" \/>\n<meta name=\"twitter:label1\" content=\"Est. reading time\" \/>\n\t<meta name=\"twitter:data1\" content=\"3 minutes\" \/>\n<script type=\"application\/ld+json\" class=\"yoast-schema-graph\">{\"@context\":\"https:\/\/schema.org\",\"@graph\":[{\"@type\":\"WebPage\",\"@id\":\"https:\/\/gomotive.com\/es-mx\/legal\/terminos-de-servicio\/avisos-legales\/\",\"url\":\"https:\/\/gomotive.com\/es-mx\/legal\/terminos-de-servicio\/avisos-legales\/\",\"name\":\"Avisos Legales - T\u00e9rminos de Servicio | Motive\",\"isPartOf\":{\"@id\":\"https:\/\/gomotive.com\/#website\"},\"datePublished\":\"2022-04-02T20:59:40+00:00\",\"dateModified\":\"2026-03-18T13:22:30+00:00\",\"description\":\"Esto es Motive y el aviso legal de nuestra responsabilidad legal por la calidad, confiabilidad o seguridad de nuestros Servicios y Hardware.\",\"breadcrumb\":{\"@id\":\"https:\/\/gomotive.com\/es-mx\/legal\/terminos-de-servicio\/avisos-legales\/#breadcrumb\"},\"inLanguage\":\"es-mx\",\"potentialAction\":[{\"@type\":\"ReadAction\",\"target\":[\"https:\/\/gomotive.com\/es-mx\/legal\/terminos-de-servicio\/avisos-legales\/\"]}]},{\"@type\":\"BreadcrumbList\",\"@id\":\"https:\/\/gomotive.com\/es-mx\/legal\/terminos-de-servicio\/avisos-legales\/#breadcrumb\",\"itemListElement\":[{\"@type\":\"ListItem\",\"position\":1,\"name\":\"Legal\",\"item\":\"https:\/\/gomotive.com\/es-mx\/legal\/\"},{\"@type\":\"ListItem\",\"position\":2,\"name\":\"T\u00e9rminos de Servicio\",\"item\":\"https:\/\/gomotive.com\/es-mx\/legal\/terminos-de-servicio\/\"},{\"@type\":\"ListItem\",\"position\":3,\"name\":\"Avisos Legales &#8211; T\u00e9rminos de Servicio | Motive\"}]},{\"@type\":\"WebSite\",\"@id\":\"https:\/\/gomotive.com\/#website\",\"url\":\"https:\/\/gomotive.com\/\",\"name\":\"Motive\",\"description\":\"Automated Operations Platform for the Physical Economy\",\"publisher\":{\"@id\":\"https:\/\/gomotive.com\/#organization\"},\"potentialAction\":[{\"@type\":\"SearchAction\",\"target\":{\"@type\":\"EntryPoint\",\"urlTemplate\":\"https:\/\/gomotive.com\/?s={search_term_string}\"},\"query-input\":{\"@type\":\"PropertyValueSpecification\",\"valueRequired\":true,\"valueName\":\"search_term_string\"}}],\"inLanguage\":\"es-mx\"},{\"@type\":\"Organization\",\"@id\":\"https:\/\/gomotive.com\/#organization\",\"name\":\"Motive\",\"url\":\"https:\/\/gomotive.com\/\",\"logo\":{\"@type\":\"ImageObject\",\"inLanguage\":\"es-mx\",\"@id\":\"https:\/\/gomotive.com\/#\/schema\/logo\/image\/\",\"url\":\"https:\/\/gomotive.com\/wp-content\/uploads\/2022\/04\/Social-Share-Image.png\",\"contentUrl\":\"https:\/\/gomotive.com\/wp-content\/uploads\/2022\/04\/Social-Share-Image.png\",\"width\":2400,\"height\":1254,\"caption\":\"Motive\"},\"image\":{\"@id\":\"https:\/\/gomotive.com\/#\/schema\/logo\/image\/\"},\"sameAs\":[\"https:\/\/www.facebook.com\/GoMotive.Inc\",\"https:\/\/x.com\/Motive_inc\",\"https:\/\/www.linkedin.com\/company\/motive-inc\/\"]}]}<\/script>\n<!-- \/ Yoast SEO Premium plugin. -->","yoast_head_json":{"title":"Avisos Legales - T\u00e9rminos de Servicio | Motive","description":"Esto es Motive y el aviso legal de nuestra responsabilidad legal por la calidad, confiabilidad o seguridad de nuestros Servicios y Hardware.","robots":{"index":"index","follow":"follow","max-snippet":"max-snippet:-1","max-image-preview":"max-image-preview:large","max-video-preview":"max-video-preview:-1"},"canonical":"https:\/\/gomotive.com\/es-mx\/wp-json\/wp\/v2\/pages\/75640","og_locale":"es_MX","og_type":"article","og_title":"Avisos Legales - T\u00e9rminos de Servicio | Motive","og_description":"Esto es Motive y el aviso legal de nuestra responsabilidad legal por la calidad, confiabilidad o seguridad de nuestros Servicios y Hardware.","og_url":"https:\/\/gomotive.com\/es-mx\/legal\/terminos-de-servicio\/avisos-legales\/","og_site_name":"Motive","article_publisher":"https:\/\/www.facebook.com\/GoMotive.Inc","article_modified_time":"2026-03-18T13:22:30+00:00","og_image":[{"width":2400,"height":1254,"url":"https:\/\/gomotive.com\/wp-content\/uploads\/2022\/04\/Social-Share-Image.png","type":"image\/png"}],"twitter_card":"summary_large_image","twitter_site":"@Motive_inc","twitter_misc":{"Est. reading time":"3 minutes"},"schema":{"@context":"https:\/\/schema.org","@graph":[{"@type":"WebPage","@id":"https:\/\/gomotive.com\/es-mx\/legal\/terminos-de-servicio\/avisos-legales\/","url":"https:\/\/gomotive.com\/es-mx\/legal\/terminos-de-servicio\/avisos-legales\/","name":"Avisos Legales - T\u00e9rminos de Servicio | Motive","isPartOf":{"@id":"https:\/\/gomotive.com\/#website"},"datePublished":"2022-04-02T20:59:40+00:00","dateModified":"2026-03-18T13:22:30+00:00","description":"Esto es Motive y el aviso legal de nuestra responsabilidad legal por la calidad, confiabilidad o seguridad de nuestros Servicios y Hardware.","breadcrumb":{"@id":"https:\/\/gomotive.com\/es-mx\/legal\/terminos-de-servicio\/avisos-legales\/#breadcrumb"},"inLanguage":"es-mx","potentialAction":[{"@type":"ReadAction","target":["https:\/\/gomotive.com\/es-mx\/legal\/terminos-de-servicio\/avisos-legales\/"]}]},{"@type":"BreadcrumbList","@id":"https:\/\/gomotive.com\/es-mx\/legal\/terminos-de-servicio\/avisos-legales\/#breadcrumb","itemListElement":[{"@type":"ListItem","position":1,"name":"Legal","item":"https:\/\/gomotive.com\/es-mx\/legal\/"},{"@type":"ListItem","position":2,"name":"T\u00e9rminos de Servicio","item":"https:\/\/gomotive.com\/es-mx\/legal\/terminos-de-servicio\/"},{"@type":"ListItem","position":3,"name":"Avisos Legales &#8211; T\u00e9rminos de Servicio | Motive"}]},{"@type":"WebSite","@id":"https:\/\/gomotive.com\/#website","url":"https:\/\/gomotive.com\/","name":"Motive","description":"Automated Operations Platform for the Physical Economy","publisher":{"@id":"https:\/\/gomotive.com\/#organization"},"potentialAction":[{"@type":"SearchAction","target":{"@type":"EntryPoint","urlTemplate":"https:\/\/gomotive.com\/?s={search_term_string}"},"query-input":{"@type":"PropertyValueSpecification","valueRequired":true,"valueName":"search_term_string"}}],"inLanguage":"es-mx"},{"@type":"Organization","@id":"https:\/\/gomotive.com\/#organization","name":"Motive","url":"https:\/\/gomotive.com\/","logo":{"@type":"ImageObject","inLanguage":"es-mx","@id":"https:\/\/gomotive.com\/#\/schema\/logo\/image\/","url":"https:\/\/gomotive.com\/wp-content\/uploads\/2022\/04\/Social-Share-Image.png","contentUrl":"https:\/\/gomotive.com\/wp-content\/uploads\/2022\/04\/Social-Share-Image.png","width":2400,"height":1254,"caption":"Motive"},"image":{"@id":"https:\/\/gomotive.com\/#\/schema\/logo\/image\/"},"sameAs":["https:\/\/www.facebook.com\/GoMotive.Inc","https:\/\/x.com\/Motive_inc","https:\/\/www.linkedin.com\/company\/motive-inc\/"]}]}},"parsely":{"version":"1.1.0","canonical_url":"https:\/\/gomotive.com\/es-mx\/legal\/terminos-de-servicio\/avisos-legales\/","smart_links":{"inbound":0,"outbound":0},"traffic_boost_suggestions_count":0,"meta":{"@context":"https:\/\/schema.org","@type":"WebPage","headline":"Avisos Legales &#8211; T\u00e9rminos de Servicio | Motive","url":"http:\/\/gomotive.com\/es-mx\/legal\/terminos-de-servicio\/avisos-legales\/","mainEntityOfPage":{"@type":"WebPage","@id":"http:\/\/gomotive.com\/es-mx\/legal\/terminos-de-servicio\/avisos-legales\/"},"thumbnailUrl":"","image":{"@type":"ImageObject","url":""},"articleSection":"Uncategorized @es-mx","author":[{"@type":"Person","name":"Shakiba Iqbal"}],"creator":["Shakiba Iqbal"],"publisher":{"@type":"Organization","name":"Motive","logo":""},"keywords":[],"dateCreated":"2022-04-02T20:59:40Z","datePublished":"2022-04-02T20:59:40Z","dateModified":"2026-03-18T13:22:30Z"},"rendered":"<meta name=\"parsely-title\" content=\"Avisos Legales &#8211; T\u00e9rminos de Servicio | Motive\" \/>\n<meta name=\"parsely-link\" content=\"http:\/\/gomotive.com\/es-mx\/legal\/terminos-de-servicio\/avisos-legales\/\" \/>\n<meta name=\"parsely-type\" content=\"index\" \/>\n<meta name=\"parsely-pub-date\" content=\"2022-04-02T20:59:40Z\" \/>\n<meta name=\"parsely-section\" content=\"Uncategorized @es-mx\" \/>\n<meta name=\"parsely-author\" content=\"Shakiba Iqbal\" \/>","tracker_url":"https:\/\/cdn.parsely.com\/keys\/gomotive.com\/p.js"},"_links":{"self":[{"href":"https:\/\/gomotive.com\/es-mx\/wp-json\/wp\/v2\/pages\/75640","targetHints":{"allow":["GET"]}}],"collection":[{"href":"https:\/\/gomotive.com\/es-mx\/wp-json\/wp\/v2\/pages"}],"about":[{"href":"https:\/\/gomotive.com\/es-mx\/wp-json\/wp\/v2\/types\/page"}],"author":[{"embeddable":true,"href":"https:\/\/gomotive.com\/es-mx\/wp-json\/wp\/v2\/users\/14"}],"replies":[{"embeddable":true,"href":"https:\/\/gomotive.com\/es-mx\/wp-json\/wp\/v2\/comments?post=75640"}],"version-history":[{"count":7,"href":"https:\/\/gomotive.com\/es-mx\/wp-json\/wp\/v2\/pages\/75640\/revisions"}],"predecessor-version":[{"id":75739,"href":"https:\/\/gomotive.com\/es-mx\/wp-json\/wp\/v2\/pages\/75640\/revisions\/75739"}],"up":[{"embeddable":true,"href":"https:\/\/gomotive.com\/es-mx\/wp-json\/wp\/v2\/pages\/45384"}],"wp:attachment":[{"href":"https:\/\/gomotive.com\/es-mx\/wp-json\/wp\/v2\/media?parent=75640"}],"curies":[{"name":"wp","href":"https:\/\/api.w.org\/{rel}","templated":true}]}}