{"id":45404,"date":"2022-04-01T21:12:15","date_gmt":"2022-04-01T21:12:15","guid":{"rendered":"https:\/\/gomotive.com\/legal\/acceptable-use-policy\/"},"modified":"2026-03-18T13:54:00","modified_gmt":"2026-03-18T13:54:00","slug":"politica-de-uso-aceptable","status":"publish","type":"page","link":"https:\/\/gomotive.com\/es-mx\/legal\/politica-de-uso-aceptable\/","title":{"rendered":"Pol\u00edtica de Uso Aceptable"},"content":{"rendered":"<style>\n.wb-popup-hash-button, .floating-searchbar-container {<br \/>\n   display: none !important;<br \/>\n}<br \/>\n<\/style>\n\n\n<section class=\"wp-block-motive-section has-gradient-dark-bottom-right-gradient-background has-background\" style=\"--md-section-height:initial;--sm-section-height:initial;--xs-section-height:initial;--desktop-margin-bottom:0;--desktop-margin-top:-64px;--tablet-margin-bottom:0;--tablet-margin-top:-64px;--mobile-margin-bottom:0;--mobile-margin-top:-64px;--z-index:1;has-parallex-effect:false\">\n<div class=\"wp-block-liteberg-spacing-block custom-spacing\" style=\"min-height:161px;--md-section-height:146px;--sm-section-height:146px;--xs-section-height:146px\"><\/div>\n\n\n\n<p class=\"wp-block-liteberg-advanced-text eyebrow-style has-phoenix-gray-6-color has-text-color has-link-color wp-elements-f63f8d90f9e3cb6796a4d09135e02027\" style=\"--tabletTextAlignment:center;--mobileTextAlignment:center;--desktopTextAlignment:center\">LEGAL<\/p>\n\n\n\n<div class=\"wp-block-liteberg-spacing-block custom-spacing\" style=\"min-height:16px;--md-section-height:16px;--sm-section-height:16px;--xs-section-height:16px\"><\/div>\n\n\n\n<h1 class=\"wp-block-liteberg-advanced-text p-style container has-phoenix-white-color has-text-color has-link-color wp-elements-77a427a4da6bec3386b538ed87fa0da3\" style=\"--tabletTextAlignment:center;--mobileTextAlignment:center;--desktopTextAlignment:center\">Pol\u00edticas y acuerdos<\/h1>\n\n\n\n<div class=\"wp-block-liteberg-spacing-block custom-spacing\" style=\"min-height:56px;--md-section-height:48px;--sm-section-height:48px;--xs-section-height:48px\"><\/div>\n\n\n\n<p><\/p>\n\n\n\n<div class=\"wp-block-phoenix-blocks-grid container\">\n<div class=\"wp-block-phoenix-blocks-grid-row row row-cols-md-4 row-cols-sm-4 row-cols-1 align-items-stretch justify-content-start\">\n<div class=\"wp-block-phoenix-blocks-grid-col col\">\n<div class=\"wp-block-phoenix-blocks-overview-anchor-button legal-button-transparent\">\n<div class=\"wp-block-phoenix-blocks-buttons is-layout-flex wp-block-phoenix-blocks-buttons-is-layout-flex\">\n<div class=\"wp-block-phoenix-blocks-button full-width is-layout-flow wp-block-phoenix-blocks-button-is-layout-flow\"><a class=\"btn btn-primary\" href=\"https:\/\/gomotive.com\/es-mx\/legal\/privacidad\/\">Pol\u00edtica de Privacidad<\/a><\/div>\n<\/div>\n<\/div>\n<\/div>\n\n\n\n<div class=\"wp-block-phoenix-blocks-grid-col col\">\n<div class=\"wp-block-phoenix-blocks-overview-anchor-button legal-button-transparent\">\n<div class=\"wp-block-phoenix-blocks-buttons is-layout-flex wp-block-phoenix-blocks-buttons-is-layout-flex\">\n<div class=\"wp-block-phoenix-blocks-button full-width is-layout-flow wp-block-phoenix-blocks-button-is-layout-flow\"><a class=\"btn btn-primary\" href=\"https:\/\/gomotive.com\/es-mx\/legal\/terminos-de-servicio\/\">T\u00e9rminos de Servicio<\/a><\/div>\n<\/div>\n<\/div>\n<\/div>\n\n\n\n<div class=\"wp-block-phoenix-blocks-grid-col col\">\n<div class=\"wp-block-phoenix-blocks-overview-anchor-button legal-button-transparent\">\n<div class=\"wp-block-phoenix-blocks-buttons is-layout-flex wp-block-phoenix-blocks-buttons-is-layout-flex\">\n<div class=\"wp-block-phoenix-blocks-button full-width is-layout-flow wp-block-phoenix-blocks-button-is-layout-flow\"><a class=\"btn btn-primary\" href=\"https:\/\/gomotive.com\/es-mx\/legal\/proteccion-de-datos\/\">Anexo de Protecci\u00f3n de Datos<\/a><\/div>\n<\/div>\n<\/div>\n<\/div>\n\n\n\n<div class=\"wp-block-phoenix-blocks-grid-col col\">\n<div class=\"wp-block-phoenix-blocks-overview-anchor-button legal-button-transparent\">\n<div class=\"wp-block-phoenix-blocks-buttons is-layout-flex wp-block-phoenix-blocks-buttons-is-layout-flex\">\n<div class=\"wp-block-phoenix-blocks-button full-width is-layout-flow wp-block-phoenix-blocks-button-is-layout-flow\"><a class=\"btn btn-primary\" href=\"https:\/\/gomotive.com\/es-mx\/legal\/terminos-de-hardware\/\">T\u00e9rminos y Garant\u00edas de Hardware<\/a><\/div>\n<\/div>\n<\/div>\n<\/div>\n\n\n\n<div class=\"wp-block-phoenix-blocks-grid-col col\">\n<div class=\"wp-block-phoenix-blocks-overview-anchor-button legal-button-transparent\">\n<div class=\"wp-block-phoenix-blocks-buttons is-layout-flex wp-block-phoenix-blocks-buttons-is-layout-flex\">\n<div class=\"wp-block-phoenix-blocks-button full-width is-layout-flow wp-block-phoenix-blocks-button-is-layout-flow\"><a class=\"btn btn-primary\" href=\"https:\/\/gomotive.com\/es-mx\/legal\/servicios-profesionales\/\">Servicios Profesionales<\/a><\/div>\n<\/div>\n<\/div>\n<\/div>\n\n\n\n<div class=\"wp-block-phoenix-blocks-grid-col col\">\n<div class=\"wp-block-phoenix-blocks-overview-anchor-button legal-button-transparent\">\n<div class=\"wp-block-phoenix-blocks-buttons is-layout-flex wp-block-phoenix-blocks-buttons-is-layout-flex\">\n<div class=\"wp-block-phoenix-blocks-button full-width is-layout-flow wp-block-phoenix-blocks-button-is-layout-flow\"><a class=\"btn btn-primary\" href=\"https:\/\/gomotive.com\/es-mx\/legal\/politica-de-uso-aceptable\/\">Pol\u00edtica de Uso Aceptable<\/a><\/div>\n<\/div>\n<\/div>\n<\/div>\n\n\n\n<div class=\"wp-block-phoenix-blocks-grid-col col\">\n<div class=\"wp-block-phoenix-blocks-overview-anchor-button legal-button-transparent\">\n<div class=\"wp-block-phoenix-blocks-buttons is-layout-flex wp-block-phoenix-blocks-buttons-is-layout-flex\">\n<div class=\"wp-block-phoenix-blocks-button full-width is-layout-flow wp-block-phoenix-blocks-button-is-layout-flow\"><a class=\"btn btn-primary\" href=\"https:\/\/gomotive.com\/es-mx\/legal\/programa-afiliacion-terminos-del-servicio\/\">Programa de Afiliados de Motive<\/a><\/div>\n<\/div>\n<\/div>\n<\/div>\n\n\n\n<div class=\"wp-block-phoenix-blocks-grid-col col\">\n<div class=\"wp-block-phoenix-blocks-overview-anchor-button legal-button-transparent\">\n<div class=\"wp-block-phoenix-blocks-buttons is-layout-flex wp-block-phoenix-blocks-buttons-is-layout-flex\">\n<div class=\"wp-block-phoenix-blocks-button full-width is-layout-flow wp-block-phoenix-blocks-button-is-layout-flow\"><a class=\"btn btn-primary\" href=\"https:\/\/gomotive.com\/es-mx\/legal\/programa-de-clientes-referidos\/\">Programa de Referidos de Clientes<\/a><\/div>\n<\/div>\n<\/div>\n<\/div>\n\n\n\n<div class=\"wp-block-phoenix-blocks-grid-col col\">\n<div class=\"wp-block-phoenix-blocks-overview-anchor-button legal-button-transparent\">\n<div class=\"wp-block-phoenix-blocks-buttons is-layout-flex wp-block-phoenix-blocks-buttons-is-layout-flex\">\n<div class=\"wp-block-phoenix-blocks-button full-width is-layout-flow wp-block-phoenix-blocks-button-is-layout-flow\"><a class=\"btn btn-primary\" href=\"https:\/\/gomotive.com\/es-mx\/legal\/terminos-de-servicio\/avisos-legales\/\">Avisos Legales<\/a><\/div>\n<\/div>\n<\/div>\n<\/div>\n<\/div>\n<\/div>\n\n\n\n<div class=\"wp-block-liteberg-spacing-block custom-spacing\" style=\"min-height:160px;--md-section-height:160px;--sm-section-height:160px;--xs-section-height:120px\"><\/div>\n<\/section>\n\n\n\n<section class=\"wp-block-motive-section has-phoenix-white-background-color has-background\" style=\"--md-section-height:initial;--sm-section-height:initial;--xs-section-height:initial;border:0px solid #000;--desktop-margin-bottom:0;--desktop-margin-top:-60px;--tablet-margin-bottom:0;--tablet-margin-top:-60px;--mobile-margin-bottom:0;--mobile-margin-top:-40px;--z-index:2;has-parallex-effect:false;--border-radius-top-left:30px;--border-radius-top-right:30px;--border-radius-bottom-left:0;--border-radius-bottom-right:0\">\n<div class=\"wp-block-liteberg-spacing-block custom-spacing\" style=\"min-height:60px;--md-section-height:60px;--sm-section-height:60px;--xs-section-height:45px\"><\/div>\n<\/section>\n\n\n\n<div class=\"wp-block-phoenix-blocks-legal-block\">\n<div class=\"wp-block-phoenix-blocks-grid container\">\n<div class=\"wp-block-phoenix-blocks-grid-row row align-items-stretch justify-content-start\">\n<div class=\"wp-block-phoenix-blocks-grid-col col\">\n<h2 class=\"wp-block-heading legal-main-heading\" id=\"h-politica-de-uso-aceptable\">Pol\u00edtica de Uso Aceptable<\/h2>\n\n\n\n<p class=\"legal-description\"><\/p>\n<\/div>\n<\/div>\n\n\n\n<div class=\"wp-block-phoenix-blocks-grid-row row align-items-stretch justify-content-start\">\n<div class=\"wp-block-phoenix-blocks-grid-col col col-md-8 col-sm-8 col-12\">\n<div class=\"wp-block-phoenix-blocks-table-of-contents mobile-toc d-none\"><div><h3 class=\"table-of-contents-heading\">Table of Contents<\/h3><\/div><\/div>\n\n\n\n<div class=\"wp-block-phoenix-blocks-legal-content\">\n<p>Esta Pol\u00edtica de Uso Aceptable forma parte de su acuerdo con nosotros y se incorpora a las\u00a0<strong><a href=\"https:\/\/gomotive.com\/es-mx\/legal\/terminos-de-servicio\/\">Condiciones de Servicio<\/a><\/strong>. Cualquier t\u00e9rmino no definido en esta Pol\u00edtica de Uso Aceptable tendr\u00e1 el significado establecido en las \u00a0<strong><a href=\"https:\/\/gomotive.com\/es-mx\/legal\/terminos-de-servicio\/\">Condiciones de Servicio<\/a><\/strong>\u00a0 entre usted y Motive Technologies Mx, S. de R.L. de C.V. (&#8220;<strong>Motive<\/strong>&#8220;). De acuerdo con esta Pol\u00edtica de Uso Aceptable, usted se compromete a no (y a no permitir o animar a terceros a) hacer un uso indebido o intentar hacer un uso indebido de los Servicios de Motive, incluyendo:<\/p>\n\n\n\n<ul class=\"wp-block-list\">\n<li>interferir, probar la vulnerabilidad, manipular o interrumpir cualquier parte de los Servicios;<\/li>\n\n\n\n<li>violar o eludir cualquier medida de seguridad o autenticaci\u00f3n;<\/li>\n\n\n\n<li>enviar o distribuir virus, gusanos, troyanos, archivos da\u00f1ados u otros contenidos destructivos;<\/li>\n\n\n\n<li>utilizar cualquier robot, ara\u00f1a, raspador u otro medio automatizado para acceder a los Servicios;<\/li>\n\n\n\n<li>pirater\u00eda;<\/li>\n\n\n\n<li>interceptar o examinar el contenido de mensajes, archivos o comunicaciones en tr\u00e1nsito por una red de datos;<\/li>\n\n\n\n<li>vender, transferir o alquilar los Servicios a clientes u otros terceros, ya sea directamente o como parte de un servicio o producto creado para su reventa;<\/li>\n\n\n\n<li>acceder ilegalmente o sin autorizaci\u00f3n a computadoras, cuentas, equipos o redes pertenecientes a terceros, o intentar penetrar\/eludir las medidas de seguridad de otro sistema, incluida cualquier actividad que pueda utilizarse como precursora de un intento de penetraci\u00f3n en el sistema;<\/li>\n\n\n\n<li>enviar publicidad no solicitada, no autorizada o falsificada, material promocional, correo electr\u00f3nico, correo basura, spam, cartas en cadena u otras formas de solicitud;<\/li>\n\n\n\n<li>enviar o transmitir datos o informaci\u00f3n enga\u00f1osa, inexacta o fraudulenta;<\/li>\n\n\n\n<li>realizar copias no autorizadas de software propietario, u ofrecer copias no autorizadas de software propietario a terceros;<\/li>\n\n\n\n<li>utilizar el nombre, la marca comercial, el nombre comercial, aviso comercial, los logotipos o las caracter\u00edsticas de dise\u00f1o de Motive o cualquier otro derecho de propiedad intelectual (incluso en meta etiquetas u otro texto oculto), sin el consentimiento expreso de Motive;<\/li>\n\n\n\n<li>enviar o transmitir cualquier contenido, o participar de otro modo en cualquier actividad que infrinja, se apropie indebidamente o viole los derechos de propiedad intelectual o los derechos de publicidad o privacidad de un tercero;<\/li>\n\n\n\n<li>utilizar los Servicios para operaciones de gran ancho de banda, como transferencias de archivos de gran tama\u00f1o y compartici\u00f3n de medios con programas <em>peer-to-peer<\/em> (es decir, <em>torrents<\/em>);<\/li>\n\n\n\n<li>enviar o transmitir cualquier contenido pornogr\u00e1fico, obsceno, indecente o que contenga o fomente actos o sustancias ilegales o violentos;<\/li>\n\n\n\n<li>distribuci\u00f3n de material pornogr\u00e1fico a menores;<\/li>\n\n\n\n<li>transferir cualquier tecnolog\u00eda, software u otros materiales que infrinjan las leyes y normativas aplicables en materia de exportaci\u00f3n;<\/li>\n\n\n\n<li>violar los Controles de Exportaci\u00f3n;<\/li>\n\n\n\n<li>enviar o transmitir cualquier contenido que promueva o condone el odio o la intolerancia contra cualquier persona o grupo de personas por motivos de raza, origen \u00e9tnico, religi\u00f3n, discapacidad, sexo, edad, nacionalidad, condici\u00f3n de veterano, orientaci\u00f3n sexual, identidad de g\u00e9nero o cualquier otra caracter\u00edstica b\u00e1sica, o que sea objetable por cualquier otro motivo (seg\u00fan determine Motive a su entera discreci\u00f3n);<\/li>\n\n\n\n<li>recopilar o almacenar informaci\u00f3n personal identificable de terceros sin su autorizaci\u00f3n expresa;<\/li>\n\n\n\n<li>compartir su(s) Clave(s) API, contrase\u00f1a(s), identificaci\u00f3n(es) de usuario o informaci\u00f3n de cuenta con terceros, o utilizar de cualquier otro modo los Servicios en beneficio de terceros o de cualquier otra forma no permitida por las Condiciones;<\/li>\n\n\n\n<li>utilizar, mostrar, reflejar o enmarcar los Servicios sin el consentimiento expreso de Motive;<\/li>\n\n\n\n<li>alterar o modificar el Hardware;<\/li>\n\n\n\n<li>utilizar, instalar o desinstalar el Hardware de un modo que no se ajuste sustancialmente a los manuales de instrucciones, gu\u00edas del usuario y dem\u00e1s informaci\u00f3n y Documentaci\u00f3n;<\/li>\n\n\n\n<li>manipular, abusar, mantener de forma inadecuada o da\u00f1ar intencionada o negligentemente el Hardware, incluyendo la conexi\u00f3n del Hardware a una fuente de alimentaci\u00f3n inadecuada;<\/li>\n\n\n\n<li>utilizar el Hardware para fines distintos de los previstos o fuera del curso ordinario de los negocios;<\/li>\n\n\n\n<li>utilizar el Hardware con accesorios o dispositivos de terceros, sin el consentimiento expreso de Motive;<\/li>\n\n\n\n<li>violar en modo alguno las leyes o reglamentos aplicables; o<\/li>\n\n\n\n<li>facilitar una violaci\u00f3n de las Condiciones del Servicio o de esta Pol\u00edtica de Uso Aceptable.<\/li>\n<\/ul>\n<\/div>\n<\/div>\n\n\n\n<div class=\"wp-block-phoenix-blocks-grid-col col col-md-4 col-sm-4 col-12\">\n<div class=\"wp-block-phoenix-blocks-table-of-contents desktop-toc d-none\"><div><h3 class=\"table-of-contents-heading\">Table of Contents<\/h3><\/div><\/div>\n<\/div>\n<\/div>\n<\/div>\n<\/div>\n\n\n\n<div class=\"wp-block-phoenix-blocks-spacer section-spacing\" style=\"min-height:initial;--tablet-section-height:initial;--mobile-section-height:initial\"><\/div>\n\n\n\n<section class=\"wp-block-motive-section has-phoenix-white-background-color has-background\" style=\"--md-section-height:initial;--sm-section-height:initial;--xs-section-height:initial;border:0px solid #000;--desktop-margin-bottom:-60px;--desktop-margin-top:;--tablet-margin-bottom:-60px;--tablet-margin-top:;--mobile-margin-bottom:-30px;--mobile-margin-top:;--z-index:2;has-parallex-effect:false;--border-radius-top-left:;--border-radius-top-right:;--border-radius-bottom-left:30px;--border-radius-bottom-right:30px\">\n<div class=\"wp-block-liteberg-spacing-block custom-spacing\" style=\"min-height:60px;--md-section-height:60px;--sm-section-height:60px;--xs-section-height:30px\"><\/div>\n<\/section>\n\n\n\n<section class=\"wp-block-motive-section has-phoenix-black-background-color has-background\" style=\"--md-section-height:initial;--sm-section-height:initial;--xs-section-height:initial\">\n<div class=\"wp-block-liteberg-spacing-block custom-spacing\" style=\"min-height:100px;--md-section-height:100px;--sm-section-height:100px;--xs-section-height:100px\"><\/div>\n<\/section>\n","protected":false},"excerpt":{"rendered":"","protected":false},"author":14,"featured_media":0,"parent":45373,"menu_order":0,"comment_status":"closed","ping_status":"closed","template":"wp-custom-template-transparent-navigation-header-v2","meta":{"_acf_changed":false,"footnotes":""},"class_list":["post-45404","page","type-page","status-publish","hentry"],"acf":[],"yoast_head":"<!-- This site is optimized with the Yoast SEO Premium plugin v23.4 (Yoast SEO v27.2) - https:\/\/yoast.com\/product\/yoast-seo-premium-wordpress\/ -->\n<title>Pol\u00edtica de uso aceptable | Motive<\/title>\n<meta name=\"description\" content=\"Esta Pol\u00edtica de Uso Aceptable forma parte de tu acuerdo con Motive y se integra a nuestros T\u00e9rminos de Servicio.\" \/>\n<meta name=\"robots\" content=\"index, follow, max-snippet:-1, max-image-preview:large, max-video-preview:-1\" \/>\n<link rel=\"canonical\" href=\"https:\/\/gomotive.com\/es-mx\/wp-json\/wp\/v2\/pages\/45404\" \/>\n<meta property=\"og:locale\" content=\"es_MX\" \/>\n<meta property=\"og:type\" content=\"article\" \/>\n<meta property=\"og:title\" content=\"Pol\u00edtica de Uso Aceptable\" \/>\n<meta property=\"og:description\" content=\"Esta Pol\u00edtica de Uso Aceptable forma parte de tu acuerdo con Motive y se integra a nuestros T\u00e9rminos de Servicio.\" \/>\n<meta property=\"og:url\" content=\"https:\/\/gomotive.com\/es-mx\/legal\/politica-de-uso-aceptable\/\" \/>\n<meta property=\"og:site_name\" content=\"Motive\" \/>\n<meta property=\"article:publisher\" content=\"https:\/\/www.facebook.com\/GoMotive.Inc\" \/>\n<meta property=\"article:modified_time\" content=\"2026-03-18T13:54:00+00:00\" \/>\n<meta property=\"og:image\" content=\"https:\/\/gomotive.com\/wp-content\/uploads\/2022\/04\/Social-Share-Image.png\" \/>\n\t<meta property=\"og:image:width\" content=\"2400\" \/>\n\t<meta property=\"og:image:height\" content=\"1254\" \/>\n\t<meta property=\"og:image:type\" content=\"image\/png\" \/>\n<meta name=\"twitter:card\" content=\"summary_large_image\" \/>\n<meta name=\"twitter:site\" content=\"@Motive_inc\" \/>\n<meta name=\"twitter:label1\" content=\"Est. reading time\" \/>\n\t<meta name=\"twitter:data1\" content=\"6 minutes\" \/>\n<script type=\"application\/ld+json\" class=\"yoast-schema-graph\">{\"@context\":\"https:\/\/schema.org\",\"@graph\":[{\"@type\":\"WebPage\",\"@id\":\"https:\/\/gomotive.com\/es-mx\/legal\/politica-de-uso-aceptable\/\",\"url\":\"https:\/\/gomotive.com\/es-mx\/legal\/politica-de-uso-aceptable\/\",\"name\":\"Pol\u00edtica de uso aceptable | Motive\",\"isPartOf\":{\"@id\":\"https:\/\/gomotive.com\/#website\"},\"datePublished\":\"2022-04-01T21:12:15+00:00\",\"dateModified\":\"2026-03-18T13:54:00+00:00\",\"description\":\"Esta Pol\u00edtica de Uso Aceptable forma parte de tu acuerdo con Motive y se integra a nuestros T\u00e9rminos de Servicio.\",\"breadcrumb\":{\"@id\":\"https:\/\/gomotive.com\/es-mx\/legal\/politica-de-uso-aceptable\/#breadcrumb\"},\"inLanguage\":\"es-mx\",\"potentialAction\":[{\"@type\":\"ReadAction\",\"target\":[\"https:\/\/gomotive.com\/es-mx\/legal\/politica-de-uso-aceptable\/\"]}]},{\"@type\":\"BreadcrumbList\",\"@id\":\"https:\/\/gomotive.com\/es-mx\/legal\/politica-de-uso-aceptable\/#breadcrumb\",\"itemListElement\":[{\"@type\":\"ListItem\",\"position\":1,\"name\":\"Legal\",\"item\":\"https:\/\/gomotive.com\/es-mx\/legal\/\"},{\"@type\":\"ListItem\",\"position\":2,\"name\":\"Pol\u00edtica de Uso Aceptable\"}]},{\"@type\":\"WebSite\",\"@id\":\"https:\/\/gomotive.com\/#website\",\"url\":\"https:\/\/gomotive.com\/\",\"name\":\"Motive\",\"description\":\"Automated Operations Platform for the Physical Economy\",\"publisher\":{\"@id\":\"https:\/\/gomotive.com\/#organization\"},\"potentialAction\":[{\"@type\":\"SearchAction\",\"target\":{\"@type\":\"EntryPoint\",\"urlTemplate\":\"https:\/\/gomotive.com\/?s={search_term_string}\"},\"query-input\":{\"@type\":\"PropertyValueSpecification\",\"valueRequired\":true,\"valueName\":\"search_term_string\"}}],\"inLanguage\":\"es-mx\"},{\"@type\":\"Organization\",\"@id\":\"https:\/\/gomotive.com\/#organization\",\"name\":\"Motive\",\"url\":\"https:\/\/gomotive.com\/\",\"logo\":{\"@type\":\"ImageObject\",\"inLanguage\":\"es-mx\",\"@id\":\"https:\/\/gomotive.com\/#\/schema\/logo\/image\/\",\"url\":\"https:\/\/gomotive.com\/wp-content\/uploads\/2022\/04\/Social-Share-Image.png\",\"contentUrl\":\"https:\/\/gomotive.com\/wp-content\/uploads\/2022\/04\/Social-Share-Image.png\",\"width\":2400,\"height\":1254,\"caption\":\"Motive\"},\"image\":{\"@id\":\"https:\/\/gomotive.com\/#\/schema\/logo\/image\/\"},\"sameAs\":[\"https:\/\/www.facebook.com\/GoMotive.Inc\",\"https:\/\/x.com\/Motive_inc\",\"https:\/\/www.linkedin.com\/company\/motive-inc\/\"]}]}<\/script>\n<!-- \/ Yoast SEO Premium plugin. -->","yoast_head_json":{"title":"Pol\u00edtica de uso aceptable | Motive","description":"Esta Pol\u00edtica de Uso Aceptable forma parte de tu acuerdo con Motive y se integra a nuestros T\u00e9rminos de Servicio.","robots":{"index":"index","follow":"follow","max-snippet":"max-snippet:-1","max-image-preview":"max-image-preview:large","max-video-preview":"max-video-preview:-1"},"canonical":"https:\/\/gomotive.com\/es-mx\/wp-json\/wp\/v2\/pages\/45404","og_locale":"es_MX","og_type":"article","og_title":"Pol\u00edtica de Uso Aceptable","og_description":"Esta Pol\u00edtica de Uso Aceptable forma parte de tu acuerdo con Motive y se integra a nuestros T\u00e9rminos de Servicio.","og_url":"https:\/\/gomotive.com\/es-mx\/legal\/politica-de-uso-aceptable\/","og_site_name":"Motive","article_publisher":"https:\/\/www.facebook.com\/GoMotive.Inc","article_modified_time":"2026-03-18T13:54:00+00:00","og_image":[{"width":2400,"height":1254,"url":"https:\/\/gomotive.com\/wp-content\/uploads\/2022\/04\/Social-Share-Image.png","type":"image\/png"}],"twitter_card":"summary_large_image","twitter_site":"@Motive_inc","twitter_misc":{"Est. reading time":"6 minutes"},"schema":{"@context":"https:\/\/schema.org","@graph":[{"@type":"WebPage","@id":"https:\/\/gomotive.com\/es-mx\/legal\/politica-de-uso-aceptable\/","url":"https:\/\/gomotive.com\/es-mx\/legal\/politica-de-uso-aceptable\/","name":"Pol\u00edtica de uso aceptable | Motive","isPartOf":{"@id":"https:\/\/gomotive.com\/#website"},"datePublished":"2022-04-01T21:12:15+00:00","dateModified":"2026-03-18T13:54:00+00:00","description":"Esta Pol\u00edtica de Uso Aceptable forma parte de tu acuerdo con Motive y se integra a nuestros T\u00e9rminos de Servicio.","breadcrumb":{"@id":"https:\/\/gomotive.com\/es-mx\/legal\/politica-de-uso-aceptable\/#breadcrumb"},"inLanguage":"es-mx","potentialAction":[{"@type":"ReadAction","target":["https:\/\/gomotive.com\/es-mx\/legal\/politica-de-uso-aceptable\/"]}]},{"@type":"BreadcrumbList","@id":"https:\/\/gomotive.com\/es-mx\/legal\/politica-de-uso-aceptable\/#breadcrumb","itemListElement":[{"@type":"ListItem","position":1,"name":"Legal","item":"https:\/\/gomotive.com\/es-mx\/legal\/"},{"@type":"ListItem","position":2,"name":"Pol\u00edtica de Uso Aceptable"}]},{"@type":"WebSite","@id":"https:\/\/gomotive.com\/#website","url":"https:\/\/gomotive.com\/","name":"Motive","description":"Automated Operations Platform for the Physical Economy","publisher":{"@id":"https:\/\/gomotive.com\/#organization"},"potentialAction":[{"@type":"SearchAction","target":{"@type":"EntryPoint","urlTemplate":"https:\/\/gomotive.com\/?s={search_term_string}"},"query-input":{"@type":"PropertyValueSpecification","valueRequired":true,"valueName":"search_term_string"}}],"inLanguage":"es-mx"},{"@type":"Organization","@id":"https:\/\/gomotive.com\/#organization","name":"Motive","url":"https:\/\/gomotive.com\/","logo":{"@type":"ImageObject","inLanguage":"es-mx","@id":"https:\/\/gomotive.com\/#\/schema\/logo\/image\/","url":"https:\/\/gomotive.com\/wp-content\/uploads\/2022\/04\/Social-Share-Image.png","contentUrl":"https:\/\/gomotive.com\/wp-content\/uploads\/2022\/04\/Social-Share-Image.png","width":2400,"height":1254,"caption":"Motive"},"image":{"@id":"https:\/\/gomotive.com\/#\/schema\/logo\/image\/"},"sameAs":["https:\/\/www.facebook.com\/GoMotive.Inc","https:\/\/x.com\/Motive_inc","https:\/\/www.linkedin.com\/company\/motive-inc\/"]}]}},"parsely":{"version":"1.1.0","canonical_url":"https:\/\/gomotive.com\/es-mx\/legal\/politica-de-uso-aceptable\/","smart_links":{"inbound":0,"outbound":0},"traffic_boost_suggestions_count":0,"meta":{"@context":"https:\/\/schema.org","@type":"WebPage","headline":"Pol\u00edtica de Uso Aceptable","url":"http:\/\/gomotive.com\/es-mx\/legal\/politica-de-uso-aceptable\/","mainEntityOfPage":{"@type":"WebPage","@id":"http:\/\/gomotive.com\/es-mx\/legal\/politica-de-uso-aceptable\/"},"thumbnailUrl":"","image":{"@type":"ImageObject","url":""},"articleSection":"Uncategorized @es-mx","author":[{"@type":"Person","name":"Shakiba Iqbal"}],"creator":["Shakiba Iqbal"],"publisher":{"@type":"Organization","name":"Motive","logo":""},"keywords":[],"dateCreated":"2022-04-01T21:12:15Z","datePublished":"2022-04-01T21:12:15Z","dateModified":"2026-03-18T13:54:00Z"},"rendered":"<meta name=\"parsely-title\" content=\"Pol\u00edtica de Uso Aceptable\" \/>\n<meta name=\"parsely-link\" content=\"http:\/\/gomotive.com\/es-mx\/legal\/politica-de-uso-aceptable\/\" \/>\n<meta name=\"parsely-type\" content=\"index\" \/>\n<meta name=\"parsely-pub-date\" content=\"2022-04-01T21:12:15Z\" \/>\n<meta name=\"parsely-section\" content=\"Uncategorized @es-mx\" \/>\n<meta name=\"parsely-author\" content=\"Shakiba Iqbal\" \/>","tracker_url":"https:\/\/cdn.parsely.com\/keys\/gomotive.com\/p.js"},"_links":{"self":[{"href":"https:\/\/gomotive.com\/es-mx\/wp-json\/wp\/v2\/pages\/45404","targetHints":{"allow":["GET"]}}],"collection":[{"href":"https:\/\/gomotive.com\/es-mx\/wp-json\/wp\/v2\/pages"}],"about":[{"href":"https:\/\/gomotive.com\/es-mx\/wp-json\/wp\/v2\/types\/page"}],"author":[{"embeddable":true,"href":"https:\/\/gomotive.com\/es-mx\/wp-json\/wp\/v2\/users\/14"}],"replies":[{"embeddable":true,"href":"https:\/\/gomotive.com\/es-mx\/wp-json\/wp\/v2\/comments?post=45404"}],"version-history":[{"count":7,"href":"https:\/\/gomotive.com\/es-mx\/wp-json\/wp\/v2\/pages\/45404\/revisions"}],"predecessor-version":[{"id":85444,"href":"https:\/\/gomotive.com\/es-mx\/wp-json\/wp\/v2\/pages\/45404\/revisions\/85444"}],"up":[{"embeddable":true,"href":"https:\/\/gomotive.com\/es-mx\/wp-json\/wp\/v2\/pages\/45373"}],"wp:attachment":[{"href":"https:\/\/gomotive.com\/es-mx\/wp-json\/wp\/v2\/media?parent=45404"}],"curies":[{"name":"wp","href":"https:\/\/api.w.org\/{rel}","templated":true}]}}